{"id":25,"date":"2025-02-18T17:58:05","date_gmt":"2025-02-18T17:58:05","guid":{"rendered":"https:\/\/villapaolija.com\/villapaolija\/our-story\/"},"modified":"2025-10-31T11:55:26","modified_gmt":"2025-10-31T09:55:26","slug":"cenik-rezervaci","status":"publish","type":"page","link":"https:\/\/villapaolija.com\/cs\/cenik-rezervaci\/","title":{"rendered":"Cen\u00edk a rezervace"},"content":{"rendered":"<h1>Cen\u00edk a rezervace<\/h1>\n<h2>Na t\u00e9to str\u00e1nce si m\u016f\u017eete prohl\u00e9dnout ceny na\u0161ich apartm\u00e1n\u016f a prov\u00e9st rezervaci.<\/h2>\n<ul>\n<li>Apartm\u00e1ny maj\u00ed rozlohu 65m2-110m2, ka\u017ed\u00fd m\u00e1 samostatn\u00fd vchod, 2 (dv\u011b) nebo 3 (t\u0159i) lo\u017enice, kuchy\u0148, ob\u00fdvac\u00ed pokoj a koupelnu se sprchov\u00fdm koutem a vlastn\u00ed terasu s vlastn\u00edm grilem.<\/li>\n<li>V\u0161echny apartm\u00e1ny jsou klimatizovan\u00e9 nebo vyt\u00e1p\u011bn\u00e9 \u00fast\u0159edn\u00edm topen\u00edm, maj\u00ed pln\u011b vybaven\u00e9 kuchy\u0148sk\u00e9 linky a ve\u0161ker\u00e9 dom\u00e1c\u00ed spot\u0159ebi\u010de.<\/li>\n<li>P\u0159\u00edstup k internetu p\u0159es Wi-Fi hotspoty je zahrnut v cen\u011b.<\/li>\n<li>Vila Paolija nab\u00edz\u00ed sv\u00fdm host\u016fm relaxaci a z\u00e1bavu v soukrom\u00e9m baz\u00e9nu s prostorem pro odpo\u010dinek nebo hran\u00ed a osv\u011b\u017een\u00ed v kryt\u00e9 letn\u00ed kuchyni.<\/li>\n<li>Na zahrad\u011b se nach\u00e1z\u00ed tak\u00e9 grilovac\u00ed ohni\u0161t\u011b nebo plynov\u00fd spor\u00e1k.<\/li>\n<li>D\u016fm m\u00e1 dv\u016fr, hned vedle n\u011bj jsou sportovn\u00ed h\u0159i\u0161t\u011b a velk\u00fd park - vhodn\u00fd pro d\u011bti, k dispozici je sportovn\u00ed vybaven\u00ed a kola pro rekreaci.<\/li>\n<li>V\u0161ichni host\u00e9 maj\u00ed k dispozici zabezpe\u010den\u00e9 a osv\u011btlen\u00e9 parkovi\u0161t\u011b p\u0159ed domem.<\/li>\n<li>Apartm\u00e1n Elly se nach\u00e1z\u00ed v reziden\u010dn\u00ed budov\u011b pobl\u00ed\u017e Villy Paolija a v\u0161ichni host\u00e9 Apartm\u00e1nu Elly maj\u00ed p\u0159\u00edstup ke v\u0161em vymo\u017eenostem Villy Paolija.<\/li>\n<\/ul>\n<p><img decoding=\"async\" class=\"alignnone wp-image-819 size-full lazyload\" data-src=\"https:\/\/villapaolija.com\/villapaolija\/wp-content\/uploads\/2025\/10\/Screenshot-2025-10-31-105055-e1761904505105.png\" alt=\"cen\u00edk\" width=\"998\" height=\"567\" data-srcset=\"https:\/\/villapaolija.com\/villapaolija\/wp-content\/uploads\/2025\/10\/Screenshot-2025-10-31-105055-e1761904505105.png 998w, https:\/\/villapaolija.com\/villapaolija\/wp-content\/uploads\/2025\/10\/Screenshot-2025-10-31-105055-e1761904505105-300x170.png 300w, https:\/\/villapaolija.com\/villapaolija\/wp-content\/uploads\/2025\/10\/Screenshot-2025-10-31-105055-e1761904505105-768x436.png 768w, https:\/\/villapaolija.com\/villapaolija\/wp-content\/uploads\/2025\/10\/Screenshot-2025-10-31-105055-e1761904505105-18x10.png 18w\" data-sizes=\"(max-width: 998px) 100vw, 998px\" src=\"data:image\/gif;base64,R0lGODlhAQABAAAAACH5BAEKAAEALAAAAAABAAEAAAICTAEAOw==\" style=\"--smush-placeholder-width: 998px; --smush-placeholder-aspect-ratio: 998\/567;\" \/><\/p>\n<p>\u00a0<\/p>\n<p>Pronaj\u00edmatel nen\u00ed pl\u00e1tcem DPH dle ustanoven\u00ed \u00a7 22 z\u00e1kona o DPH.<br \/>\u010c\u00e1stka za p\u0159edem dohodnut\u00fd po\u010det noc\u00ed se plat\u00ed ihned po p\u0159\u00edjezdu v prvn\u00ed den u\u017e\u00edv\u00e1n\u00ed ubytov\u00e1n\u00ed, v opa\u010dn\u00e9m p\u0159\u00edpad\u011b si ubytovatel ponech\u00e1 osobn\u00ed doklad hosta (cestovn\u00ed pas, ob\u010dansk\u00fd pr\u016fkaz atd.) a\u017e do \u00fapln\u00e9ho zaplacen\u00ed.<br \/>Minim\u00e1ln\u00ed doba pobytu 3 dny.<br \/>30.05.-26.09.2026 minim\u00e1ln\u00ed d\u00e9lka pobytu 7 dn\u00ed, p\u0159\u00edjezd-odjezd v sobotu.<br \/>Cen\u00edk je platn\u00fd od 01.01.2026<\/p>\n\n\n<p><\/p>\n\n\n\n<figure class=\"wp-block-gallery has-nested-images columns-default is-cropped wp-block-gallery-1 is-layout-flex wp-block-gallery-is-layout-flex\"><\/figure>\n\n\n\n<p><\/p>","protected":false},"excerpt":{"rendered":"<p>Cjenik i rezervacije Na ovoj stranici mo\u017eete pogledati cijene na\u0161ih apartmana i napraviti rezervaciju Apartmani su povr\u0161ine 65m2-110m2, svaki ima poseban ulaz, 2(dvije) ili 3(tri) spava\u0107e sobe, kuhinju, dnevni boravak i kupatilo s tu\u0161 kabinom i svoju terasu sa vlastitim ro\u0161tiljem &#8211; grilom. Svi su apartmani klimatizirani ili grijani sa centralnim grijanjem, imaju potpunu kuhinjsku [&hellip;]<\/p>\n","protected":false},"author":1,"featured_media":0,"parent":0,"menu_order":0,"comment_status":"closed","ping_status":"closed","template":"","meta":{"_breakdance_hide_in_design_set":false,"_breakdance_tags":"","footnotes":""},"class_list":["post-25","page","type-page","status-publish","hentry"],"yoast_head":"<!-- This site is optimized with the Yoast SEO Premium plugin v24.8 (Yoast SEO v27.2) - https:\/\/yoast.com\/product\/yoast-seo-premium-wordpress\/ -->\n<title>Cjenik i rezervacije - Villa Paolija - Apartmani s bazenom %<\/title>\n<meta name=\"robots\" content=\"index, follow, max-snippet:-1, max-image-preview:large, max-video-preview:-1\" \/>\n<link rel=\"canonical\" href=\"https:\/\/villapaolija.com\/cs\/cenik-rezervaci\/\" \/>\n<meta property=\"og:locale\" content=\"cs_CZ\" \/>\n<meta property=\"og:type\" content=\"article\" \/>\n<meta property=\"og:title\" content=\"Cjenik i rezervacije\" \/>\n<meta property=\"og:description\" content=\"Cjenik i rezervacije Na ovoj stranici mo\u017eete pogledati cijene na\u0161ih apartmana i napraviti rezervaciju Apartmani su povr\u0161ine 65m2-110m2, svaki ima poseban ulaz, 2(dvije) ili 3(tri) spava\u0107e sobe, kuhinju, dnevni boravak i kupatilo s tu\u0161 kabinom i svoju terasu sa vlastitim ro\u0161tiljem &#8211; grilom. Svi su apartmani klimatizirani ili grijani sa centralnim grijanjem, imaju potpunu kuhinjsku [&hellip;]\" \/>\n<meta property=\"og:url\" content=\"https:\/\/villapaolija.com\/cs\/cenik-rezervaci\/\" \/>\n<meta property=\"og:site_name\" content=\"Villa Paolija - Apartmani s bazenom\" \/>\n<meta property=\"article:modified_time\" content=\"2025-10-31T09:55:26+00:00\" \/>\n<meta property=\"og:image\" content=\"https:\/\/villapaolija.com\/villapaolija\/wp-content\/uploads\/2025\/10\/Screenshot-2025-10-31-105055-e1761904505105.png\" \/>\n\t<meta property=\"og:image:width\" content=\"998\" \/>\n\t<meta property=\"og:image:height\" content=\"567\" \/>\n\t<meta property=\"og:image:type\" content=\"image\/png\" \/>\n<meta name=\"twitter:card\" content=\"summary_large_image\" \/>\n<meta name=\"twitter:label1\" content=\"Odhadovan\u00e1 doba \u010dten\u00ed\" \/>\n\t<meta name=\"twitter:data1\" content=\"2 minuty\" \/>\n<script type=\"application\/ld+json\" class=\"yoast-schema-graph\">{\"@context\":\"https:\/\/schema.org\",\"@graph\":[{\"@type\":\"WebPage\",\"@id\":\"https:\/\/villapaolija.com\/cjenik-rezervacije\/\",\"url\":\"https:\/\/villapaolija.com\/cjenik-rezervacije\/\",\"name\":\"Cjenik i rezervacije - Villa Paolija - Apartmani s bazenom %\",\"isPartOf\":{\"@id\":\"https:\/\/villapaolija.com\/#website\"},\"primaryImageOfPage\":{\"@id\":\"https:\/\/villapaolija.com\/cjenik-rezervacije\/#primaryimage\"},\"image\":{\"@id\":\"https:\/\/villapaolija.com\/cjenik-rezervacije\/#primaryimage\"},\"thumbnailUrl\":\"https:\/\/villapaolija.com\/villapaolija\/wp-content\/uploads\/2025\/10\/Screenshot-2025-10-31-105055-e1761904505105.png\",\"datePublished\":\"2025-02-18T17:58:05+00:00\",\"dateModified\":\"2025-10-31T09:55:26+00:00\",\"breadcrumb\":{\"@id\":\"https:\/\/villapaolija.com\/cjenik-rezervacije\/#breadcrumb\"},\"inLanguage\":\"cs\",\"potentialAction\":[{\"@type\":\"ReadAction\",\"target\":[\"https:\/\/villapaolija.com\/cjenik-rezervacije\/\"]}]},{\"@type\":\"ImageObject\",\"inLanguage\":\"cs\",\"@id\":\"https:\/\/villapaolija.com\/cjenik-rezervacije\/#primaryimage\",\"url\":\"https:\/\/villapaolija.com\/villapaolija\/wp-content\/uploads\/2025\/10\/Screenshot-2025-10-31-105055-e1761904505105.png\",\"contentUrl\":\"https:\/\/villapaolija.com\/villapaolija\/wp-content\/uploads\/2025\/10\/Screenshot-2025-10-31-105055-e1761904505105.png\"},{\"@type\":\"BreadcrumbList\",\"@id\":\"https:\/\/villapaolija.com\/cjenik-rezervacije\/#breadcrumb\",\"itemListElement\":[{\"@type\":\"ListItem\",\"position\":1,\"name\":\"Home\",\"item\":\"https:\/\/villapaolija.com\/\"},{\"@type\":\"ListItem\",\"position\":2,\"name\":\"Cjenik i rezervacije\"}]},{\"@type\":\"WebSite\",\"@id\":\"https:\/\/villapaolija.com\/#website\",\"url\":\"https:\/\/villapaolija.com\/\",\"name\":\"Villa Paolija - Apartmani s bazenom\",\"description\":\"Idealan odmor za cijelu obitelj u NOVIGRADU\",\"publisher\":{\"@id\":\"https:\/\/villapaolija.com\/#organization\"},\"potentialAction\":[{\"@type\":\"SearchAction\",\"target\":{\"@type\":\"EntryPoint\",\"urlTemplate\":\"https:\/\/villapaolija.com\/?s={search_term_string}\"},\"query-input\":{\"@type\":\"PropertyValueSpecification\",\"valueRequired\":true,\"valueName\":\"search_term_string\"}}],\"inLanguage\":\"cs\"},{\"@type\":\"Organization\",\"@id\":\"https:\/\/villapaolija.com\/#organization\",\"name\":\"Villa Paolija - Apartmani s bazenom\",\"url\":\"https:\/\/villapaolija.com\/\",\"logo\":{\"@type\":\"ImageObject\",\"inLanguage\":\"cs\",\"@id\":\"https:\/\/villapaolija.com\/#\/schema\/logo\/image\/\",\"url\":\"https:\/\/villapaolija.com\/villapaolija\/wp-content\/uploads\/2025\/02\/logo_vp_18.png\",\"contentUrl\":\"https:\/\/villapaolija.com\/villapaolija\/wp-content\/uploads\/2025\/02\/logo_vp_18.png\",\"width\":280,\"height\":85,\"caption\":\"Villa Paolija - Apartmani s bazenom\"},\"image\":{\"@id\":\"https:\/\/villapaolija.com\/#\/schema\/logo\/image\/\"}}]}<\/script>\n<!-- \/ Yoast SEO Premium plugin. -->","yoast_head_json":{"title":"Cen\u00edk a rezervace - Vila Paolija - Apartm\u00e1ny s baz\u00e9nem %","robots":{"index":"index","follow":"follow","max-snippet":"max-snippet:-1","max-image-preview":"max-image-preview:large","max-video-preview":"max-video-preview:-1"},"canonical":"https:\/\/villapaolija.com\/cs\/cenik-rezervaci\/","og_locale":"cs_CZ","og_type":"article","og_title":"Cjenik i rezervacije","og_description":"Cjenik i rezervacije Na ovoj stranici mo\u017eete pogledati cijene na\u0161ih apartmana i napraviti rezervaciju Apartmani su povr\u0161ine 65m2-110m2, svaki ima poseban ulaz, 2(dvije) ili 3(tri) spava\u0107e sobe, kuhinju, dnevni boravak i kupatilo s tu\u0161 kabinom i svoju terasu sa vlastitim ro\u0161tiljem &#8211; grilom. Svi su apartmani klimatizirani ili grijani sa centralnim grijanjem, imaju potpunu kuhinjsku [&hellip;]","og_url":"https:\/\/villapaolija.com\/cs\/cenik-rezervaci\/","og_site_name":"Villa Paolija - Apartmani s bazenom","article_modified_time":"2025-10-31T09:55:26+00:00","og_image":[{"width":998,"height":567,"url":"https:\/\/villapaolija.com\/villapaolija\/wp-content\/uploads\/2025\/10\/Screenshot-2025-10-31-105055-e1761904505105.png","type":"image\/png"}],"twitter_card":"summary_large_image","twitter_misc":{"Odhadovan\u00e1 doba \u010dten\u00ed":"2 minuty"},"schema":{"@context":"https:\/\/schema.org","@graph":[{"@type":"WebPage","@id":"https:\/\/villapaolija.com\/cjenik-rezervacije\/","url":"https:\/\/villapaolija.com\/cjenik-rezervacije\/","name":"Cen\u00edk a rezervace - Vila Paolija - Apartm\u00e1ny s baz\u00e9nem %","isPartOf":{"@id":"https:\/\/villapaolija.com\/#website"},"primaryImageOfPage":{"@id":"https:\/\/villapaolija.com\/cjenik-rezervacije\/#primaryimage"},"image":{"@id":"https:\/\/villapaolija.com\/cjenik-rezervacije\/#primaryimage"},"thumbnailUrl":"https:\/\/villapaolija.com\/villapaolija\/wp-content\/uploads\/2025\/10\/Screenshot-2025-10-31-105055-e1761904505105.png","datePublished":"2025-02-18T17:58:05+00:00","dateModified":"2025-10-31T09:55:26+00:00","breadcrumb":{"@id":"https:\/\/villapaolija.com\/cjenik-rezervacije\/#breadcrumb"},"inLanguage":"cs","potentialAction":[{"@type":"ReadAction","target":["https:\/\/villapaolija.com\/cjenik-rezervacije\/"]}]},{"@type":"ImageObject","inLanguage":"cs","@id":"https:\/\/villapaolija.com\/cjenik-rezervacije\/#primaryimage","url":"https:\/\/villapaolija.com\/villapaolija\/wp-content\/uploads\/2025\/10\/Screenshot-2025-10-31-105055-e1761904505105.png","contentUrl":"https:\/\/villapaolija.com\/villapaolija\/wp-content\/uploads\/2025\/10\/Screenshot-2025-10-31-105055-e1761904505105.png"},{"@type":"BreadcrumbList","@id":"https:\/\/villapaolija.com\/cjenik-rezervacije\/#breadcrumb","itemListElement":[{"@type":"ListItem","position":1,"name":"Home","item":"https:\/\/villapaolija.com\/"},{"@type":"ListItem","position":2,"name":"Cjenik i rezervacije"}]},{"@type":"WebSite","@id":"https:\/\/villapaolija.com\/#website","url":"https:\/\/villapaolija.com\/","name":"Vila Paolija - Apartm\u00e1ny s baz\u00e9nem","description":"Ide\u00e1ln\u00ed dovolen\u00e1 pro celou rodinu v NOVIGRADU","publisher":{"@id":"https:\/\/villapaolija.com\/#organization"},"potentialAction":[{"@type":"SearchAction","target":{"@type":"EntryPoint","urlTemplate":"https:\/\/villapaolija.com\/?s={search_term_string}"},"query-input":{"@type":"PropertyValueSpecification","valueRequired":true,"valueName":"search_term_string"}}],"inLanguage":"cs"},{"@type":"Organization","@id":"https:\/\/villapaolija.com\/#organization","name":"Vila Paolija - Apartm\u00e1ny s baz\u00e9nem","url":"https:\/\/villapaolija.com\/","logo":{"@type":"ImageObject","inLanguage":"cs","@id":"https:\/\/villapaolija.com\/#\/schema\/logo\/image\/","url":"https:\/\/villapaolija.com\/villapaolija\/wp-content\/uploads\/2025\/02\/logo_vp_18.png","contentUrl":"https:\/\/villapaolija.com\/villapaolija\/wp-content\/uploads\/2025\/02\/logo_vp_18.png","width":280,"height":85,"caption":"Villa Paolija - Apartmani s bazenom"},"image":{"@id":"https:\/\/villapaolija.com\/#\/schema\/logo\/image\/"}}]}},"_links":{"self":[{"href":"https:\/\/villapaolija.com\/cs\/wp-json\/wp\/v2\/pages\/25","targetHints":{"allow":["GET"]}}],"collection":[{"href":"https:\/\/villapaolija.com\/cs\/wp-json\/wp\/v2\/pages"}],"about":[{"href":"https:\/\/villapaolija.com\/cs\/wp-json\/wp\/v2\/types\/page"}],"author":[{"embeddable":true,"href":"https:\/\/villapaolija.com\/cs\/wp-json\/wp\/v2\/users\/1"}],"replies":[{"embeddable":true,"href":"https:\/\/villapaolija.com\/cs\/wp-json\/wp\/v2\/comments?post=25"}],"version-history":[{"count":27,"href":"https:\/\/villapaolija.com\/cs\/wp-json\/wp\/v2\/pages\/25\/revisions"}],"predecessor-version":[{"id":821,"href":"https:\/\/villapaolija.com\/cs\/wp-json\/wp\/v2\/pages\/25\/revisions\/821"}],"wp:attachment":[{"href":"https:\/\/villapaolija.com\/cs\/wp-json\/wp\/v2\/media?parent=25"}],"curies":[{"name":"wp","href":"https:\/\/api.w.org\/{rel}","templated":true}]}}