{"id":3,"date":"2025-02-18T17:47:49","date_gmt":"2025-02-18T17:47:49","guid":{"rendered":"https:\/\/villapaolija.com\/villapaolija\/?page_id=3"},"modified":"2025-04-10T09:15:29","modified_gmt":"2025-04-10T09:15:29","slug":"cookie-datenschutzrichtlinie","status":"publish","type":"page","link":"https:\/\/villapaolija.com\/de\/cookie-datenschutzrichtlinie\/","title":{"rendered":"Datenschutz- und Cookie-Richtlinien"},"content":{"rendered":"<h2 class=\"wp-block-heading\" id=\"h-a-uvod\"><strong>A. Einleitung<\/strong><\/h2>\n\n\n\n<ol class=\"wp-block-list\">\n<li>Die Privatsph\u00e4re unserer Website-Besucher ist uns sehr wichtig und wir nehmen sie sehr ernst. Diese Richtlinie erl\u00e4utert, was wir mit Ihren pers\u00f6nlichen Daten tun.<\/li>\n\n\n\n<li>Indem Sie bei Ihrem ersten Besuch unserer Website der Verwendung von Cookies gem\u00e4\u00df den Bedingungen dieser Richtlinie zustimmen, stimmen Sie der Verwendung von Cookies bei jedem weiteren Besuch unserer Website zu.<\/li>\n<\/ol>\n\n\n\n<p><strong>B. Begr\u00fcndetheit<\/strong><br>Dieses Dokument wurde mit einer Vorlage von SEQ Legal (seqlegal.com) erstellt und von VillaPaolija.com ge\u00e4ndert<\/p>\n\n\n\n<p><strong>C. Erhebung personenbezogener Daten<\/strong><\/p>\n\n\n\n<p>Folgende Arten personenbezogener Daten k\u00f6nnen erhoben, gespeichert und verwendet werden:<\/p>\n\n\n\n<ol class=\"wp-block-list\">\n<li>Informationen \u00fcber Ihren Computer, einschlie\u00dflich Ihrer IP-Adresse, Ihres Standorts, Ihres Browsertyps und Ihrer Browserversion sowie Ihres Betriebssystems;<\/li>\n\n\n\n<li>Informationen \u00fcber Ihre Besuche und Ihre Nutzung dieser Website, einschlie\u00dflich der Art und Weise, wie Sie darauf zugreifen, der Dauer Ihres Besuchs, der angezeigten Seiten und der Navigationspfade zur Website;<\/li>\n\n\n\n<li>Informationen, wie etwa Ihre E-Mail-Adresse, die Sie bei der Registrierung auf unserer Website eingeben;<\/li>\n\n\n\n<li>Informationen, die Sie eingeben, wenn Sie auf unserer Website ein Profil erstellen \u2013 beispielsweise Ihren Namen, Ihr Profilbild, Ihr Geschlecht, Ihr Geburtstag, Ihren Beziehungsstatus, Ihre Interessen und Hobbys, Angaben zu Ihrer Ausbildung und Ihrer Besch\u00e4ftigung;<\/li>\n\n\n\n<li>\u00a0Informationen wie Ihr Name und Ihre E-Mail-Adresse, die Sie eingeben, um Abonnements f\u00fcr unsere E-Mails und\/oder Newsletter einzurichten;<\/li>\n\n\n\n<li>\u00a0Daten, die Sie bei der Nutzung der Dienste auf unserer Website eingeben;<\/li>\n\n\n\n<li>Daten, die w\u00e4hrend Ihrer Nutzung unserer Website generiert werden, einschlie\u00dflich wann, wie oft und unter welchen Umst\u00e4nden Sie sie nutzen;<\/li>\n\n\n\n<li>\u00a0Informationen zu Ihren Eink\u00e4ufen, den von Ihnen genutzten Diensten oder den von Ihnen \u00fcber unsere Website get\u00e4tigten Transaktionen, einschlie\u00dflich Ihres Namens, Ihrer Adresse, Telefonnummer, E-Mail-Adresse und Kreditkarteninformationen;<\/li>\n\n\n\n<li>Informationen, die Sie auf unserer Website mit der Absicht ver\u00f6ffentlichen, sie online zu stellen, darunter Ihr Benutzername, Profilbilder und der Inhalt Ihrer Beitr\u00e4ge;<\/li>\n\n\n\n<li>\u00a0Daten, die in jeglicher Kommunikation enthalten sind, die Sie uns per E-Mail oder \u00fcber unsere Website senden, einschlie\u00dflich der Kommunikationsinhalte und Metadaten;<\/li>\n\n\n\n<li>alle anderen pers\u00f6nlichen Informationen, die Sie uns senden.<\/li>\n<\/ol>\n\n\n\n<p>Bevor Sie uns personenbezogene Daten einer anderen Person offenlegen, m\u00fcssen Sie die Zustimmung dieser Person sowohl zur Offenlegung als auch zur Verarbeitung dieser personenbezogenen Daten gem\u00e4\u00df diesen Richtlinien einholen.<\/p>\n\n\n\n<p><strong>D. Verwendung Ihrer personenbezogenen Daten<\/strong><\/p>\n\n\n\n<p>Personenbezogene Daten, die Sie uns \u00fcber unsere Website \u00fcbermitteln, werden f\u00fcr die in dieser Richtlinie oder auf den entsprechenden Seiten der Website beschriebenen Zwecke verwendet. Wir k\u00f6nnen Ihre personenbezogenen Daten f\u00fcr folgende Zwecke verwenden:<\/p>\n\n\n\n<ol class=\"wp-block-list\">\n<li>\u00a0Verwaltung unserer Website und unseres Gesch\u00e4fts;<\/li>\n\n\n\n<li>Personalisierung unserer Website f\u00fcr Sie;<\/li>\n\n\n\n<li>Erm\u00f6glichung Ihrer Nutzung der auf unserer Website verf\u00fcgbaren Dienste;<\/li>\n\n\n\n<li>\u00a0Versand von \u00fcber unsere Website gekauften Waren;<\/li>\n\n\n\n<li>Bereitstellung von \u00fcber unsere Website erworbenen Diensten;<\/li>\n\n\n\n<li>Versenden von Kontoausz\u00fcgen, Rechnungen und Zahlungserinnerungen sowie Einziehen von Zahlungen von Ihnen<\/li>\n\n\n\n<li>Senden nichtkommerzieller Mitteilungen;<\/li>\n\n\n\n<li>Senden von Benachrichtigungen per E-Mail, wenn Sie dies ausdr\u00fccklich angefordert haben;<\/li>\n\n\n\n<li>Ihnen unseren Newsletter zuzusenden, sofern Sie diesen angefordert haben (Sie k\u00f6nnen uns jederzeit informieren, wenn Sie den Newsletter nicht mehr erhalten m\u00f6chten);<\/li>\n\n\n\n<li>\u00a0Senden von Marketingmitteilungen in Bezug auf unser Unternehmen oder das Unternehmen sorgf\u00e4ltig ausgew\u00e4hlter Dritter, von denen wir glauben, dass sie f\u00fcr Sie von Interesse sein k\u00f6nnten, per Post oder, sofern Sie dem ausdr\u00fccklich zugestimmt haben, per E-Mail oder mithilfe \u00e4hnlicher Technologien (Sie k\u00f6nnen uns jederzeit benachrichtigen, wenn Sie keine weiteren Marketingmitteilungen mehr erhalten m\u00f6chten);<\/li>\n\n\n\n<li>Bereitstellung statistischer Daten \u00fcber unsere Benutzer an Dritte (diese Dritten k\u00f6nnen anhand dieser Daten jedoch keinen einzelnen Benutzer identifizieren);<\/li>\n\n\n\n<li>Bearbeitung von Anfragen und Beschwerden, die von Ihnen oder \u00fcber Sie im Zusammenhang mit unserer Website eingereicht werden;<\/li>\n\n\n\n<li>die Sicherheit unserer Website und Betrugspr\u00e4vention;<\/li>\n\n\n\n<li>\u00a0\u00dcberpr\u00fcfung der Einhaltung der Nutzungsbedingungen unserer Website (einschlie\u00dflich der \u00dcberwachung privater Nachrichten, die \u00fcber den privaten Nachrichtendienst unserer Website gesendet werden); und<\/li>\n\n\n\n<li>andere Anwendungen.<\/li>\n<\/ol>\n\n\n\n<p>Wenn Sie personenbezogene Daten zur Ver\u00f6ffentlichung auf unserer Website \u00fcbermitteln, ver\u00f6ffentlichen und verwenden wir diese Daten gem\u00e4\u00df Ihrer Einwilligung. Ihre Datenschutzeinstellungen k\u00f6nnen die Ver\u00f6ffentlichung Ihrer Daten auf unserer Website einschr\u00e4nken und \u00fcber die Datenschutzkontrollen auf der Website angepasst werden. Ohne Ihre ausdr\u00fcckliche Einwilligung geben wir Ihre personenbezogenen Daten nicht an Dritte f\u00fcr deren eigene oder Direktmarketingzwecke weiter.<\/p>\n\n\n\n<p><strong>E. Weitergabe personenbezogener Daten<\/strong><\/p>\n\n\n\n<p>Zu den in dieser Richtlinie dargelegten angemessenen Zwecken k\u00f6nnen wir Ihre personenbezogenen Daten an unsere Mitarbeiter, leitenden Angestellten, Versicherer, professionellen Berater, Vertreter, Lieferanten oder Hersteller weitergeben. Zu den in dieser Richtlinie dargelegten angemessenen Zwecken k\u00f6nnen wir Ihre personenbezogenen Daten an jedes Mitglied unserer Unternehmensgruppe weitergeben (dazu geh\u00f6ren unsere Tochtergesellschaften, unsere Holdinggesellschaft und deren Tochtergesellschaften). Wir k\u00f6nnen Ihre personenbezogenen Daten weitergeben:<\/p>\n\n\n\n<ol class=\"wp-block-list\">\n<li>soweit wir gesetzlich dazu verpflichtet sind;<\/li>\n\n\n\n<li>im Zusammenhang mit laufenden oder k\u00fcnftigen Gerichtsverfahren;<\/li>\n\n\n\n<li>um unsere gesetzlichen Rechte zu begr\u00fcnden, auszu\u00fcben oder zu verteidigen (einschlie\u00dflich der Bereitstellung von Informationen an Dritte, um Betrug zu verhindern und das Kreditrisiko zu verringern);<\/li>\n\n\n\n<li>an den K\u00e4ufer (oder potenziellen K\u00e4ufer) eines Unternehmens oder Verm\u00f6gens, das wir verkaufen oder zu verkaufen planen; und<\/li>\n\n\n\n<li>an jede Person, von der wir vern\u00fcnftigerweise annehmen k\u00f6nnen, dass sie bei einem Gericht oder einer anderen zust\u00e4ndigen Beh\u00f6rde die Offenlegung dieser personenbezogenen Daten beantragen k\u00f6nnte, und bei der dieses Gericht oder diese Beh\u00f6rde unserer vern\u00fcnftigen Meinung nach wahrscheinlich die Offenlegung dieser personenbezogenen Daten anordnen w\u00fcrde.<\/li>\n<\/ol>\n\n\n\n<p>Sofern in dieser Richtlinie nichts anderes bestimmt ist, geben wir Ihre personenbezogenen Daten nicht an Dritte weiter.<\/p>\n\n\n\n<p><strong>F. Internationale Daten\u00fcbermittlungen<\/strong><\/p>\n\n\n\n<ol class=\"wp-block-list\">\n<li>Die von uns gesammelten Informationen k\u00f6nnen zwischen allen L\u00e4ndern, in denen wir t\u00e4tig sind, gespeichert, verarbeitet und \u00fcbertragen werden, damit wir die Informationen gem\u00e4\u00df diesen Richtlinien verwenden k\u00f6nnen.<\/li>\n\n\n\n<li>Die von uns erhobenen Daten k\u00f6nnen in die folgenden L\u00e4nder \u00fcbertragen werden, deren Datenschutzgesetze denen des Europ\u00e4ischen Wirtschaftsraums nicht gleichwertig sind: die Vereinigten Staaten, Russland, Japan, China und Indien.<\/li>\n\n\n\n<li>Pers\u00f6nliche Informationen, die Sie auf unserer Website ver\u00f6ffentlichen oder zur Ver\u00f6ffentlichung auf unserer Website \u00fcbermitteln, k\u00f6nnen weltweit \u00fcber das Internet verf\u00fcgbar sein. Wir k\u00f6nnen die Nutzung oder den Missbrauch dieser Informationen durch Dritte nicht verhindern.<\/li>\n\n\n\n<li>Sie stimmen der in diesem Abschnitt F beschriebenen \u00dcbertragung personenbezogener Daten ausdr\u00fccklich zu.<\/li>\n<\/ol>\n\n\n\n<p><strong>G. Aufbewahrung personenbezogener Daten<\/strong><\/p>\n\n\n\n<ol class=\"wp-block-list\">\n<li>In diesem Abschnitt G werden unsere Richtlinien und Verfahren zur Datenaufbewahrung dargelegt, die dazu dienen, die Einhaltung unserer gesetzlichen Verpflichtungen hinsichtlich der Aufbewahrung und L\u00f6schung personenbezogener Daten sicherzustellen.<\/li>\n\n\n\n<li>Personenbezogene Daten, die wir f\u00fcr einen oder mehrere Zwecke verarbeiten, werden nicht l\u00e4nger gespeichert, als es f\u00fcr diesen oder diese Zwecke erforderlich ist.<\/li>\n<\/ol>\n\n\n\n<p><strong>H. Sicherheit Ihrer personenbezogenen Daten<\/strong><\/p>\n\n\n\n<ol class=\"wp-block-list\">\n<li>Wir treffen angemessene technische und organisatorische Vorkehrungen, um den Verlust, Missbrauch oder die Ver\u00e4nderung Ihrer personenbezogenen Daten zu verhindern.<\/li>\n\n\n\n<li>Wir speichern alle von Ihnen bereitgestellten personenbezogenen Daten auf unseren sicheren (durch Passwort und Firewall gesch\u00fctzten) Servern.<\/li>\n\n\n\n<li>Alle elektronischen Finanztransaktionen, die \u00fcber unsere Website durchgef\u00fchrt werden, werden durch Verschl\u00fcsselungstechnologie gesch\u00fctzt.<\/li>\n\n\n\n<li>Sie erkennen an, dass die \u00dcbertragung von Informationen \u00fcber das Internet grunds\u00e4tzlich unsicher ist und dass wir die Sicherheit der \u00fcber das Internet gesendeten Daten nicht garantieren k\u00f6nnen.<\/li>\n\n\n\n<li>Sie sind daf\u00fcr verantwortlich, das Passwort, das Sie f\u00fcr den Zugriff auf unsere Website verwenden, vertraulich zu behandeln. Wir werden Sie nicht nach Ihrem Passwort fragen (au\u00dfer, wenn Sie sich bei unserer Website anmelden).<\/li>\n<\/ol>\n\n\n\n<p><strong>I. \u00c4nderungen und Erg\u00e4nzungen<\/strong><\/p>\n\n\n\n<p>Wir k\u00f6nnen diese Richtlinie von Zeit zu Zeit aktualisieren, indem wir eine neue Version auf unserer Website ver\u00f6ffentlichen.<br>Sie sollten diese Seite regelm\u00e4\u00dfig \u00fcberpr\u00fcfen, um sicherzustellen, dass Sie alle \u00c4nderungen dieser Richtlinie verstanden haben. Wir k\u00f6nnen Sie \u00fcber \u00c4nderungen dieser Richtlinie per E-Mail oder \u00fcber das private Nachrichtensystem auf unserer Website informieren.<\/p>\n\n\n\n<p><strong>J. Ihre Rechte<\/strong><\/p>\n\n\n\n<p>Sie k\u00f6nnen uns anweisen, Ihnen alle personenbezogenen Daten, die wir \u00fcber Sie gespeichert haben, zur Verf\u00fcgung zu stellen.<\/p>\n\n\n\n<p>Wir k\u00f6nnen die von Ihnen angeforderten personenbezogenen Daten im gesetzlich zul\u00e4ssigen Umfang speichern. Sie k\u00f6nnen uns jederzeit anweisen, Ihre personenbezogenen Daten nicht f\u00fcr Marketingzwecke zu verarbeiten. In der Praxis stimmen Sie der Verwendung Ihrer personenbezogenen Daten f\u00fcr Marketingzwecke entweder ausdr\u00fccklich im Voraus zu oder wir bieten Ihnen die M\u00f6glichkeit, der Verwendung Ihrer personenbezogenen Daten f\u00fcr Marketingzwecke zu widersprechen.<\/p>\n\n\n\n<p><strong>K. Websites Dritter<\/strong><\/p>\n\n\n\n<p>Unsere Website enth\u00e4lt Hyperlinks und Informationen zu Websites Dritter. Wir haben keinen Einfluss auf die Datenschutzrichtlinien und -praktiken Dritter und \u00fcbernehmen hierf\u00fcr keine Verantwortung.<\/p>\n\n\n\n<p><strong>L. Aktualisierung der Daten<\/strong><\/p>\n\n\n\n<p>Teilen Sie uns mit, ob die personenbezogenen Daten, die wir \u00fcber Sie haben, korrigiert oder aktualisiert werden m\u00fcssen.<\/p>\n\n\n\n<p><strong>M. Cookies<\/strong><\/p>\n\n\n\n<p>Unsere Website verwendet Cookies. Ein Cookie ist eine Datei mit einer Kennung (einer Zeichenfolge aus Buchstaben und Zahlen), die ein Webserver an einen Webbrowser sendet und dort speichert. Diese Kennung wird dann jedes Mal an den Server zur\u00fcckgesendet, wenn der Browser eine Seite vom Server anfordert. Cookies k\u00f6nnen \u201edauerhafte\u201c oder \u201eSitzungscookies\u201c sein: Ein dauerhaftes Cookie wird im Webbrowser gespeichert und bleibt bis zu einem bestimmten Ablaufdatum g\u00fcltig, sofern der Nutzer es nicht vor Ablauf der Frist l\u00f6scht; ein Sitzungscookie hingegen verf\u00e4llt am Ende der Benutzersitzung, wenn der Webbrowser geschlossen wird. Cookies enthalten in der Regel keine Informationen, die den Nutzer pers\u00f6nlich identifizieren. Die von uns \u00fcber Sie gespeicherten personenbezogenen Daten k\u00f6nnen jedoch mit den im Cookie gespeicherten und abgerufenen Informationen verkn\u00fcpft sein. Wir verwenden Sitzungs- und dauerhafte Cookies auf unserer Website.<\/p>\n\n\n\n<ol class=\"wp-block-list\">\n<li>Die Namen der Cookies, die wir auf unserer Website verwenden, und die Zwecke, f\u00fcr die sie verwendet werden, sind unten aufgef\u00fchrt:\n<ol class=\"wp-block-list\">\n<li>auf unserer Website verwenden wir Google Analytics und Adwords, um den Computer wiederzuerkennen, wenn der Benutzer die Website besucht \/ um Benutzer zu verfolgen, w\u00e4hrend sie sich auf der Website bewegen \/ um die Verwendung des Einkaufswagens auf der Website zu erm\u00f6glichen \/ um die Benutzerfreundlichkeit der Website zu verbessern \/ um die Verwendung der Website zu analysieren \/ um die Website zu verwalten \/ um Betrug zu verhindern und die Sicherheit der Website zu verbessern \/ um die Website f\u00fcr jeden Benutzer zu personalisieren \/ um gezielte Anzeigen anzuzeigen, die f\u00fcr bestimmte Benutzer von besonderem Interesse sein k\u00f6nnten \/ um den beschriebenen Zweck (e) zu erf\u00fcllen;<\/li>\n<\/ol>\n<\/li>\n\n\n\n<li>In den meisten Browsern k\u00f6nnen Sie die Annahme von Cookies ablehnen \u2013 zum Beispiel:\n<ol class=\"wp-block-list\">\n<li>Im Internet Explorer (Version 10) k\u00f6nnen Sie Cookies mithilfe der Cookie-Verwaltungseinstellungen blockieren, die Sie unter \u201eExtras\u201c, \u201eInternetoptionen\u201c, \u201eDatenschutz\u201c und dann \u201eErweitert\u201c finden.<\/li>\n\n\n\n<li>In Firefox (Version 24) k\u00f6nnen Sie alle Cookies blockieren, indem Sie auf \u201eExtras\u201c, \u201eOptionen\u201c, \u201eDatenschutz\u201c klicken, im Dropdown-Men\u00fc \u201eNach benutzerdefinierten Einstellungen f\u00fcr den Verlauf verwenden\u201c ausw\u00e4hlen und die Option \u201eCookies von Websites akzeptieren\u201c deaktivieren.<\/li>\n\n\n\n<li>In Chrome (Version 29) k\u00f6nnen Sie alle Cookies blockieren, indem Sie auf das Men\u00fc \u201eAnpassen und Steuern\u201c zugreifen und auf \u201eEinstellungen\u201c, \u201eErweiterte Einstellungen anzeigen\u201c und \u201eInhaltseinstellungen\u201c klicken und dann unter der \u00dcberschrift \u201eCookies\u201c die Option \u201eWebsites daran hindern, Daten zu speichern\u201c ausw\u00e4hlen.<\/li>\n<\/ol>\n<\/li>\n<\/ol>\n\n\n\n<p>Das Blockieren aller Cookies beeintr\u00e4chtigt die Benutzerfreundlichkeit vieler Websites. Wenn Sie Cookies blockieren, k\u00f6nnen Sie nicht alle Funktionen unserer Website nutzen.<\/p>\n\n\n\n<ol start=\"3\" class=\"wp-block-list\">\n<li>Sie k\u00f6nnen Cookies, die bereits auf Ihrem Computer gespeichert sind, l\u00f6schen \u2013 zum Beispiel:\n<ol class=\"wp-block-list\">\n<li>Im Internet Explorer (Version 10) m\u00fcssen Sie Cookie-Dateien manuell l\u00f6schen (Anweisungen dazu finden Sie unter<a href=\"http:\/\/support.microsoft.com\/kb\/278835\">\u00a0http:\/\/support.microsoft.com\/kb\/278835<\/a>\u00a0);<\/li>\n\n\n\n<li>In Firefox (Version 24) k\u00f6nnen Sie Cookies l\u00f6schen, indem Sie auf \u201eExtras\u201c, \u201eOptionen\u201c und \u201eDatenschutz\u201c klicken, dann \u201eNach benutzerdefinierten Einstellungen f\u00fcr den Verlauf verwenden\u201c ausw\u00e4hlen, auf \u201eCookies anzeigen\u201c und dann auf \u201eAlle Cookies entfernen\u201c klicken.<\/li>\n\n\n\n<li>In Chrome (Version 29) k\u00f6nnen Sie alle Cookies l\u00f6schen, indem Sie auf das Men\u00fc \u201eAnpassen und Steuern\u201c zugreifen und auf \u201eEinstellungen\u201c, \u201eErweitert\u201c und \u201eBrowserdaten l\u00f6schen\u201c klicken. W\u00e4hlen Sie dann \u201eCookies und andere Websites und Add-ons l\u00f6schen\u201c aus, bevor Sie auf \u201eBrowserdaten l\u00f6schen\u201c klicken.<\/li>\n<\/ol>\n<\/li>\n\n\n\n<li>Das L\u00f6schen von Cookies beeintr\u00e4chtigt die Benutzerfreundlichkeit vieler Websites.<\/li>\n<\/ol>\n\n\n\n<p>F\u00fcr alle Fragen und zur Datenl\u00f6schung kontaktieren Sie uns bitte unter\u00a0<a href=\"https:\/\/villapaolija.com\/de\/villapaolija\/kontakt\/\">KONTAKT<\/a>\u00a0Seite.<\/p>","protected":false},"excerpt":{"rendered":"<p>A. Uvod B. ZaslugeOvaj je dokument stvoren pomo\u0107u predlo\u0161ka od SEQ Legal (seqlegal.com) i modificiran od VillaPaolija.com C. Prikupljanje osobnih podataka Sljede\u0107e vrste osobnih podataka mogu se prikupljati, pohranjivati i koristiti: Prije nego \u0161to nam otkrijete osobne podatke druge osobe, morate dobiti pristanak te osobe kako za otkrivanje, tako i za obradu tih osobnih podataka [&hellip;]<\/p>\n","protected":false},"author":1,"featured_media":0,"parent":0,"menu_order":0,"comment_status":"closed","ping_status":"open","template":"","meta":{"_breakdance_hide_in_design_set":false,"_breakdance_tags":"","footnotes":""},"class_list":["post-3","page","type-page","status-publish","hentry"],"yoast_head":"<!-- This site is optimized with the Yoast SEO Premium plugin v24.8 (Yoast SEO v27.2) - https:\/\/yoast.com\/product\/yoast-seo-premium-wordpress\/ -->\n<title>Politika privatnosti i kola\u010di\u0107a - Villa Paolija - Apartmani s bazenom<\/title>\n<meta name=\"robots\" content=\"index, follow, max-snippet:-1, max-image-preview:large, max-video-preview:-1\" \/>\n<link rel=\"canonical\" href=\"https:\/\/villapaolija.com\/de\/cookie-datenschutzrichtlinie\/\" \/>\n<meta property=\"og:locale\" content=\"de_DE\" \/>\n<meta property=\"og:type\" content=\"article\" \/>\n<meta property=\"og:title\" content=\"Politika privatnosti i kola\u010di\u0107a\" \/>\n<meta property=\"og:description\" content=\"A. Uvod B. ZaslugeOvaj je dokument stvoren pomo\u0107u predlo\u0161ka od SEQ Legal (seqlegal.com) i modificiran od VillaPaolija.com C. Prikupljanje osobnih podataka Sljede\u0107e vrste osobnih podataka mogu se prikupljati, pohranjivati i koristiti: Prije nego \u0161to nam otkrijete osobne podatke druge osobe, morate dobiti pristanak te osobe kako za otkrivanje, tako i za obradu tih osobnih podataka [&hellip;]\" \/>\n<meta property=\"og:url\" content=\"https:\/\/villapaolija.com\/de\/cookie-datenschutzrichtlinie\/\" \/>\n<meta property=\"og:site_name\" content=\"Villa Paolija - Apartmani s bazenom\" \/>\n<meta property=\"article:modified_time\" content=\"2025-04-10T09:15:29+00:00\" \/>\n<meta name=\"twitter:card\" content=\"summary_large_image\" \/>\n<meta name=\"twitter:label1\" content=\"Gesch\u00e4tzte Lesezeit\" \/>\n\t<meta name=\"twitter:data1\" content=\"3\u00a0Minuten\" \/>\n<script type=\"application\/ld+json\" class=\"yoast-schema-graph\">{\"@context\":\"https:\/\/schema.org\",\"@graph\":[{\"@type\":\"WebPage\",\"@id\":\"https:\/\/villapaolija.com\/politika-privatnosti-kolacica\/\",\"url\":\"https:\/\/villapaolija.com\/politika-privatnosti-kolacica\/\",\"name\":\"Politika privatnosti i kola\u010di\u0107a - Villa Paolija - Apartmani s bazenom\",\"isPartOf\":{\"@id\":\"https:\/\/villapaolija.com\/#website\"},\"datePublished\":\"2025-02-18T17:47:49+00:00\",\"dateModified\":\"2025-04-10T09:15:29+00:00\",\"breadcrumb\":{\"@id\":\"https:\/\/villapaolija.com\/politika-privatnosti-kolacica\/#breadcrumb\"},\"inLanguage\":\"de\",\"potentialAction\":[{\"@type\":\"ReadAction\",\"target\":[\"https:\/\/villapaolija.com\/politika-privatnosti-kolacica\/\"]}]},{\"@type\":\"BreadcrumbList\",\"@id\":\"https:\/\/villapaolija.com\/politika-privatnosti-kolacica\/#breadcrumb\",\"itemListElement\":[{\"@type\":\"ListItem\",\"position\":1,\"name\":\"Home\",\"item\":\"https:\/\/villapaolija.com\/\"},{\"@type\":\"ListItem\",\"position\":2,\"name\":\"Politika privatnosti i kola\u010di\u0107a\"}]},{\"@type\":\"WebSite\",\"@id\":\"https:\/\/villapaolija.com\/#website\",\"url\":\"https:\/\/villapaolija.com\/\",\"name\":\"Villa Paolija - Apartmani s bazenom\",\"description\":\"Idealan odmor za cijelu obitelj u NOVIGRADU\",\"publisher\":{\"@id\":\"https:\/\/villapaolija.com\/#organization\"},\"potentialAction\":[{\"@type\":\"SearchAction\",\"target\":{\"@type\":\"EntryPoint\",\"urlTemplate\":\"https:\/\/villapaolija.com\/?s={search_term_string}\"},\"query-input\":{\"@type\":\"PropertyValueSpecification\",\"valueRequired\":true,\"valueName\":\"search_term_string\"}}],\"inLanguage\":\"de\"},{\"@type\":\"Organization\",\"@id\":\"https:\/\/villapaolija.com\/#organization\",\"name\":\"Villa Paolija - Apartmani s bazenom\",\"url\":\"https:\/\/villapaolija.com\/\",\"logo\":{\"@type\":\"ImageObject\",\"inLanguage\":\"de\",\"@id\":\"https:\/\/villapaolija.com\/#\/schema\/logo\/image\/\",\"url\":\"https:\/\/villapaolija.com\/villapaolija\/wp-content\/uploads\/2025\/02\/logo_vp_18.png\",\"contentUrl\":\"https:\/\/villapaolija.com\/villapaolija\/wp-content\/uploads\/2025\/02\/logo_vp_18.png\",\"width\":280,\"height\":85,\"caption\":\"Villa Paolija - Apartmani s bazenom\"},\"image\":{\"@id\":\"https:\/\/villapaolija.com\/#\/schema\/logo\/image\/\"}}]}<\/script>\n<!-- \/ Yoast SEO Premium plugin. -->","yoast_head_json":{"title":"Datenschutz- und Cookie-Richtlinien - Villa Paolija - Apartments mit Pool","robots":{"index":"index","follow":"follow","max-snippet":"max-snippet:-1","max-image-preview":"max-image-preview:large","max-video-preview":"max-video-preview:-1"},"canonical":"https:\/\/villapaolija.com\/de\/cookie-datenschutzrichtlinie\/","og_locale":"de_DE","og_type":"article","og_title":"Politika privatnosti i kola\u010di\u0107a","og_description":"A. Uvod B. ZaslugeOvaj je dokument stvoren pomo\u0107u predlo\u0161ka od SEQ Legal (seqlegal.com) i modificiran od VillaPaolija.com C. Prikupljanje osobnih podataka Sljede\u0107e vrste osobnih podataka mogu se prikupljati, pohranjivati i koristiti: Prije nego \u0161to nam otkrijete osobne podatke druge osobe, morate dobiti pristanak te osobe kako za otkrivanje, tako i za obradu tih osobnih podataka [&hellip;]","og_url":"https:\/\/villapaolija.com\/de\/cookie-datenschutzrichtlinie\/","og_site_name":"Villa Paolija - Apartmani s bazenom","article_modified_time":"2025-04-10T09:15:29+00:00","twitter_card":"summary_large_image","twitter_misc":{"Gesch\u00e4tzte Lesezeit":"3\u00a0Minuten"},"schema":{"@context":"https:\/\/schema.org","@graph":[{"@type":"WebPage","@id":"https:\/\/villapaolija.com\/politika-privatnosti-kolacica\/","url":"https:\/\/villapaolija.com\/politika-privatnosti-kolacica\/","name":"Datenschutz- und Cookie-Richtlinien - Villa Paolija - Apartments mit Pool","isPartOf":{"@id":"https:\/\/villapaolija.com\/#website"},"datePublished":"2025-02-18T17:47:49+00:00","dateModified":"2025-04-10T09:15:29+00:00","breadcrumb":{"@id":"https:\/\/villapaolija.com\/politika-privatnosti-kolacica\/#breadcrumb"},"inLanguage":"de","potentialAction":[{"@type":"ReadAction","target":["https:\/\/villapaolija.com\/politika-privatnosti-kolacica\/"]}]},{"@type":"BreadcrumbList","@id":"https:\/\/villapaolija.com\/politika-privatnosti-kolacica\/#breadcrumb","itemListElement":[{"@type":"ListItem","position":1,"name":"Home","item":"https:\/\/villapaolija.com\/"},{"@type":"ListItem","position":2,"name":"Politika privatnosti i kola\u010di\u0107a"}]},{"@type":"WebSite","@id":"https:\/\/villapaolija.com\/#website","url":"https:\/\/villapaolija.com\/","name":"Villa Paolija - Apartments mit Pool","description":"Ein idealer Urlaub f\u00fcr die ganze Familie in NOVIGRAD","publisher":{"@id":"https:\/\/villapaolija.com\/#organization"},"potentialAction":[{"@type":"SearchAction","target":{"@type":"EntryPoint","urlTemplate":"https:\/\/villapaolija.com\/?s={search_term_string}"},"query-input":{"@type":"PropertyValueSpecification","valueRequired":true,"valueName":"search_term_string"}}],"inLanguage":"de"},{"@type":"Organization","@id":"https:\/\/villapaolija.com\/#organization","name":"Villa Paolija - Apartments mit Pool","url":"https:\/\/villapaolija.com\/","logo":{"@type":"ImageObject","inLanguage":"de","@id":"https:\/\/villapaolija.com\/#\/schema\/logo\/image\/","url":"https:\/\/villapaolija.com\/villapaolija\/wp-content\/uploads\/2025\/02\/logo_vp_18.png","contentUrl":"https:\/\/villapaolija.com\/villapaolija\/wp-content\/uploads\/2025\/02\/logo_vp_18.png","width":280,"height":85,"caption":"Villa Paolija - Apartmani s bazenom"},"image":{"@id":"https:\/\/villapaolija.com\/#\/schema\/logo\/image\/"}}]}},"_links":{"self":[{"href":"https:\/\/villapaolija.com\/de\/wp-json\/wp\/v2\/pages\/3","targetHints":{"allow":["GET"]}}],"collection":[{"href":"https:\/\/villapaolija.com\/de\/wp-json\/wp\/v2\/pages"}],"about":[{"href":"https:\/\/villapaolija.com\/de\/wp-json\/wp\/v2\/types\/page"}],"author":[{"embeddable":true,"href":"https:\/\/villapaolija.com\/de\/wp-json\/wp\/v2\/users\/1"}],"replies":[{"embeddable":true,"href":"https:\/\/villapaolija.com\/de\/wp-json\/wp\/v2\/comments?post=3"}],"version-history":[{"count":1,"href":"https:\/\/villapaolija.com\/de\/wp-json\/wp\/v2\/pages\/3\/revisions"}],"predecessor-version":[{"id":477,"href":"https:\/\/villapaolija.com\/de\/wp-json\/wp\/v2\/pages\/3\/revisions\/477"}],"wp:attachment":[{"href":"https:\/\/villapaolija.com\/de\/wp-json\/wp\/v2\/media?parent=3"}],"curies":[{"name":"wp","href":"https:\/\/api.w.org\/{rel}","templated":true}]}}