{"id":14,"date":"2025-02-18T17:57:58","date_gmt":"2025-02-18T17:57:58","guid":{"rendered":"https:\/\/villapaolija.com\/villapaolija\/contact\/"},"modified":"2025-04-14T09:22:39","modified_gmt":"2025-04-14T09:22:39","slug":"contact","status":"publish","type":"page","link":"https:\/\/villapaolija.com\/en\/contact\/","title":{"rendered":"Contact"},"content":{"rendered":"<section class=\"bde-section-14-100 bde-section\">\n              \n  \n  \n\t\n\n  <div class=\"section-background-overlay\"><\/div>\n\n\n<div class=\"section-container\"><h1 class=\"bde-heading-14-101 bde-heading\">\nKontaktirajte nas\n<\/h1><\/div>\n<\/section><section class=\"bde-section-14-105 bde-section\">\n  \n  \n\t\n\n\n\n<div class=\"section-container\"><div class=\"bde-div-14-107 bde-div\">\n  \n  \n\t\n\n\n\n<div class=\"bde-div-14-108 bde-div\">\n  \n  \n\t\n\n\n\n<h3 class=\"bde-heading-14-109 bde-heading\">\nNazovite nas\n<\/h3><div class=\"bde-text-14-110 bde-text\">\n+385 98 951 5410<br>+385 52 758 346<br>\n<\/div>\n<\/div><div class=\"bde-div-14-111 bde-div\">\n  \n  \n\t\n\n\n\n<h3 class=\"bde-heading-14-112 bde-heading\">\nPo\u0161aljite nam email\n<\/h3><div class=\"bde-text-14-113 bde-text\">\nzlatko.blazic@pu.ht.hr\n<\/div><div class=\"bde-text-14-129 bde-text\">\n.\n<\/div>\n<\/div><div class=\"bde-div-14-114 bde-div\">\n  \n  \n\t\n\n\n\n<h3 class=\"bde-heading-14-115 bde-heading\">\nAdresa Ville Paolije\n<\/h3><div class=\"bde-text-14-116 bde-text\">\nPaolija 19b<br>52466 Novigrad\n<\/div>\n<\/div>\n<\/div><div class=\"bde-columns-14-125 bde-columns\"><div class=\"bde-column-14-126 bde-column\">\n  \n  \n\t\n\n\n\n<img decoding=\"async\" class=\"bde-image2-14-128 bde-image2 lazyload\" data-src=\"https:\/\/villapaolija.com\/villapaolija\/wp-content\/uploads\/2025\/03\/07BJ0_044.jpg\" data-srcset=\"https:\/\/villapaolija.com\/villapaolija\/wp-content\/uploads\/2025\/03\/07BJ0_044.jpg 1024w, https:\/\/villapaolija.com\/villapaolija\/wp-content\/smush-webp\/2025\/03\/07BJ0_044-300x199.jpg.webp 300w, https:\/\/villapaolija.com\/villapaolija\/wp-content\/smush-webp\/2025\/03\/07BJ0_044-768x510.jpg.webp 768w\" data-sizes=\"(max-width: 1024px) 100vw, 1024px\" src=\"data:image\/gif;base64,R0lGODlhAQABAAAAACH5BAEKAAEALAAAAAABAAEAAAICTAEAOw==\" style=\"--smush-placeholder-width: 1024px; --smush-placeholder-aspect-ratio: 1024\/680;\">\n<\/div><div class=\"bde-column-14-127 bde-column\">\n  \n  \n\t\n\n\n\n<h2 class=\"bde-heading-14-117 bde-heading\">\nPo\u0161aljite nam poruku\n<\/h2><div class=\"bde-form-builder-14-118 bde-form-builder\">\n\n\n<form id=\"contact-form118\" class=\"breakdance-form breakdance-form--vertical has-breakpoints\" data-options=\"{&quot;slug&quot;:&quot;custom&quot;,&quot;name&quot;:&quot;Contact Form&quot;,&quot;ajaxUrl&quot;:&quot;https:\\\/\\\/villapaolija.com\\\/villapaolija\\\/wp-admin\\\/admin-ajax.php&quot;,&quot;clearOnSuccess&quot;:true,&quot;hideOnSuccess&quot;:true,&quot;successMessage&quot;:&quot;Poruka poslana&quot;,&quot;errorMessage&quot;:&quot;Poruka nije poslana, molim vas da nas kontaktirate na mail ili nazovete.&quot;,&quot;redirect&quot;:false,&quot;redirectUrl&quot;:&quot;&quot;,&quot;customJavaScript&quot;:&quot;&quot;,&quot;recaptcha&quot;:{&quot;key&quot;:&quot;&quot;,&quot;enabled&quot;:false},&quot;honeypot_enabled&quot;:false,&quot;popupsOnSuccess&quot;:[],&quot;popupsOnError&quot;:[]}\" data-steps=\"0\" >\n  \n  \n  \n<div class=\"breakdance-form-field breakdance-form-field--text\" >\n    \n    \n            <label class=\"breakdance-form-field__label\" for=\"name\">\n            First Name<span class=\"breakdance-form-field__required\">*<\/span>\n        <\/label>\n    \n    <input\n    class=\"breakdance-form-field__input\"\n    id=\"name\"\n    aria-describedby=\"name\"\n    type=\"text\"\n    name=\"fields[name]\"\n    placeholder=\"Ime\"\n    value=\"\"\n                \n        \n        \n    required\n    \n    \n>\n\n\n    \n    \n<\/div>\n\n\n<div class=\"breakdance-form-field breakdance-form-field--text\" >\n    \n    \n            <label class=\"breakdance-form-field__label\" for=\"hqfmto\">\n            Last Name\n        <\/label>\n    \n    <input\n    class=\"breakdance-form-field__input\"\n    id=\"hqfmto\"\n    aria-describedby=\"hqfmto\"\n    type=\"text\"\n    name=\"fields[hqfmto]\"\n    placeholder=\"Prezime\"\n    value=\"\"\n                \n        \n        \n    \n    \n    \n>\n\n\n    \n    \n<\/div>\n\n\n<div class=\"breakdance-form-field breakdance-form-field--email\" >\n    \n    \n            <label class=\"breakdance-form-field__label\" for=\"email\">\n            Email<span class=\"breakdance-form-field__required\">*<\/span>\n        <\/label>\n    \n    <input\n    class=\"breakdance-form-field__input\"\n    id=\"email\"\n    aria-describedby=\"email\"\n    type=\"email\"\n    name=\"fields[email]\"\n    placeholder=\"Email Adresa\"\n    value=\"\"\n                \n        \n        \n    required\n    \n    \n>\n\n\n    \n    \n<\/div>\n\n\n<div class=\"breakdance-form-field breakdance-form-field--tel\" >\n    \n    \n            <label class=\"breakdance-form-field__label\" for=\"bapknk\">\n            Phone Number\n        <\/label>\n    \n    <input\n    class=\"breakdance-form-field__input\"\n    id=\"bapknk\"\n    aria-describedby=\"bapknk\"\n    type=\"tel\"\n    name=\"fields[bapknk]\"\n    placeholder=\"Broj telefona\"\n    value=\"\"\n                \n        \n        \n    \n    \n    \n>\n\n\n    \n    \n<\/div>\n\n\n<div class=\"breakdance-form-field breakdance-form-field--textarea\" >\n    \n    \n            <label class=\"breakdance-form-field__label\" for=\"message\">\n            Message<span class=\"breakdance-form-field__required\">*<\/span>\n        <\/label>\n    \n    <textarea\n    class=\"breakdance-form-field__input\"\n    id=\"message\"\n    aria-describedby=\"message\"\n    type=\"textarea\"\n    name=\"fields[message]\"\n        placeholder=\"Poruka\"\n    required\n    >\n<\/textarea>\n\n\n    \n    \n<\/div>\n\n\n  \n\n<div class=\"breakdance-form-field breakdance-form-footer\">\n    \n    \n                                    \n    \n    \n    \n    \n            \n            <button type=\"submit\" class=\"button-atom button-atom--primary breakdance-form-button breakdance-form-button__submit\"  >\n    \n        <span class=\"button-atom__text\">Po\u0161alji poruku<\/span>\n\n        \n        \n            <\/button>\n    \n    <input type=\"hidden\" name=\"form_id\" value=\"118\">\n    <input type=\"hidden\" name=\"post_id\" value=\"14\">\n<\/div>\n\n  \n<\/form>\n\n\n\n<\/div>\n<\/div><\/div><div class=\"bde-google-map-14-119 bde-google-map\">\n\r\n<iframe width=\"100%\" height=\"100%\" style=\"border:0\" title=\"Map\" data-src=\"https:\/\/maps.google.com\/maps?q=Villa+Paolija&t=m&z=14&output=embed&iwloc=near\" allowfullscreen src=\"data:image\/gif;base64,R0lGODlhAQABAAAAACH5BAEKAAEALAAAAAABAAEAAAICTAEAOw==\" class=\"lazyload\" data-load-mode=\"1\"><\/iframe>\n\n<\/div><\/div>\n<\/section>","protected":false},"excerpt":{"rendered":"<p>Contact us Call us +385 98 951 5410+385 52 758 346 Send us an email zlatko.blazic@pu.ht.hr . Address Villa Paolija Paolija 19b52466 Novigrad Send us a message First Name* Last Name Email* Phone Number Message* Send a message<\/p>","protected":false},"author":1,"featured_media":0,"parent":0,"menu_order":0,"comment_status":"closed","ping_status":"closed","template":"","meta":{"_breakdance_hide_in_design_set":false,"_breakdance_tags":"","footnotes":""},"class_list":["post-14","page","type-page","status-publish","hentry"],"yoast_head":"<!-- This site is optimized with the Yoast SEO Premium plugin v24.8 (Yoast SEO v27.2) - https:\/\/yoast.com\/product\/yoast-seo-premium-wordpress\/ -->\n<title>Contact - Villa Paolija - Apartmani s bazenom<\/title>\n<meta name=\"robots\" content=\"index, follow, max-snippet:-1, max-image-preview:large, max-video-preview:-1\" \/>\n<link rel=\"canonical\" href=\"https:\/\/villapaolija.com\/en\/contact\/\" \/>\n<meta property=\"og:locale\" content=\"en_US\" \/>\n<meta property=\"og:type\" content=\"article\" \/>\n<meta property=\"og:title\" content=\"Contact\" \/>\n<meta property=\"og:description\" content=\"Kontaktirajte nas Nazovite nas +385 98 951 5410+385 52 758 346 Po\u0161aljite nam email zlatko.blazic@pu.ht.hr . Adresa Ville Paolije Paolija 19b52466 Novigrad Po\u0161aljite nam poruku First Name* Last Name Email* Phone Number Message* Po\u0161alji poruku\" \/>\n<meta property=\"og:url\" content=\"https:\/\/villapaolija.com\/en\/contact\/\" \/>\n<meta property=\"og:site_name\" content=\"Villa Paolija - Apartmani s bazenom\" \/>\n<meta property=\"article:modified_time\" content=\"2025-04-14T09:22:39+00:00\" \/>\n<meta name=\"twitter:card\" content=\"summary_large_image\" \/>\n<script type=\"application\/ld+json\" class=\"yoast-schema-graph\">{\"@context\":\"https:\/\/schema.org\",\"@graph\":[{\"@type\":\"WebPage\",\"@id\":\"https:\/\/villapaolija.com\/contact\/\",\"url\":\"https:\/\/villapaolija.com\/contact\/\",\"name\":\"Contact - Villa Paolija - Apartmani s bazenom\",\"isPartOf\":{\"@id\":\"https:\/\/villapaolija.com\/#website\"},\"datePublished\":\"2025-02-18T17:57:58+00:00\",\"dateModified\":\"2025-04-14T09:22:39+00:00\",\"breadcrumb\":{\"@id\":\"https:\/\/villapaolija.com\/contact\/#breadcrumb\"},\"inLanguage\":\"en-US\",\"potentialAction\":[{\"@type\":\"ReadAction\",\"target\":[\"https:\/\/villapaolija.com\/contact\/\"]}]},{\"@type\":\"BreadcrumbList\",\"@id\":\"https:\/\/villapaolija.com\/contact\/#breadcrumb\",\"itemListElement\":[{\"@type\":\"ListItem\",\"position\":1,\"name\":\"Home\",\"item\":\"https:\/\/villapaolija.com\/\"},{\"@type\":\"ListItem\",\"position\":2,\"name\":\"Contact\"}]},{\"@type\":\"WebSite\",\"@id\":\"https:\/\/villapaolija.com\/#website\",\"url\":\"https:\/\/villapaolija.com\/\",\"name\":\"Villa Paolija - Apartmani s bazenom\",\"description\":\"Idealan odmor za cijelu obitelj u NOVIGRADU\",\"publisher\":{\"@id\":\"https:\/\/villapaolija.com\/#organization\"},\"potentialAction\":[{\"@type\":\"SearchAction\",\"target\":{\"@type\":\"EntryPoint\",\"urlTemplate\":\"https:\/\/villapaolija.com\/?s={search_term_string}\"},\"query-input\":{\"@type\":\"PropertyValueSpecification\",\"valueRequired\":true,\"valueName\":\"search_term_string\"}}],\"inLanguage\":\"en-US\"},{\"@type\":\"Organization\",\"@id\":\"https:\/\/villapaolija.com\/#organization\",\"name\":\"Villa Paolija - Apartmani s bazenom\",\"url\":\"https:\/\/villapaolija.com\/\",\"logo\":{\"@type\":\"ImageObject\",\"inLanguage\":\"en-US\",\"@id\":\"https:\/\/villapaolija.com\/#\/schema\/logo\/image\/\",\"url\":\"https:\/\/villapaolija.com\/villapaolija\/wp-content\/uploads\/2025\/02\/logo_vp_18.png\",\"contentUrl\":\"https:\/\/villapaolija.com\/villapaolija\/wp-content\/uploads\/2025\/02\/logo_vp_18.png\",\"width\":280,\"height\":85,\"caption\":\"Villa Paolija - Apartmani s bazenom\"},\"image\":{\"@id\":\"https:\/\/villapaolija.com\/#\/schema\/logo\/image\/\"}}]}<\/script>\n<!-- \/ Yoast SEO Premium plugin. -->","yoast_head_json":{"title":"Contact - Villa Paolija - Apartments with pool","robots":{"index":"index","follow":"follow","max-snippet":"max-snippet:-1","max-image-preview":"max-image-preview:large","max-video-preview":"max-video-preview:-1"},"canonical":"https:\/\/villapaolija.com\/en\/contact\/","og_locale":"en_US","og_type":"article","og_title":"Contact","og_description":"Kontaktirajte nas Nazovite nas +385 98 951 5410+385 52 758 346 Po\u0161aljite nam email zlatko.blazic@pu.ht.hr . Adresa Ville Paolije Paolija 19b52466 Novigrad Po\u0161aljite nam poruku First Name* Last Name Email* Phone Number Message* Po\u0161alji poruku","og_url":"https:\/\/villapaolija.com\/en\/contact\/","og_site_name":"Villa Paolija - Apartmani s bazenom","article_modified_time":"2025-04-14T09:22:39+00:00","twitter_card":"summary_large_image","schema":{"@context":"https:\/\/schema.org","@graph":[{"@type":"WebPage","@id":"https:\/\/villapaolija.com\/contact\/","url":"https:\/\/villapaolija.com\/contact\/","name":"Contact - Villa Paolija - Apartments with pool","isPartOf":{"@id":"https:\/\/villapaolija.com\/#website"},"datePublished":"2025-02-18T17:57:58+00:00","dateModified":"2025-04-14T09:22:39+00:00","breadcrumb":{"@id":"https:\/\/villapaolija.com\/contact\/#breadcrumb"},"inLanguage":"en-US","potentialAction":[{"@type":"ReadAction","target":["https:\/\/villapaolija.com\/contact\/"]}]},{"@type":"BreadcrumbList","@id":"https:\/\/villapaolija.com\/contact\/#breadcrumb","itemListElement":[{"@type":"ListItem","position":1,"name":"Home","item":"https:\/\/villapaolija.com\/"},{"@type":"ListItem","position":2,"name":"Contact"}]},{"@type":"WebSite","@id":"https:\/\/villapaolija.com\/#website","url":"https:\/\/villapaolija.com\/","name":"Villa Paolija - Apartments with pool","description":"An ideal vacation for the whole family in NOVIGRAD","publisher":{"@id":"https:\/\/villapaolija.com\/#organization"},"potentialAction":[{"@type":"SearchAction","target":{"@type":"EntryPoint","urlTemplate":"https:\/\/villapaolija.com\/?s={search_term_string}"},"query-input":{"@type":"PropertyValueSpecification","valueRequired":true,"valueName":"search_term_string"}}],"inLanguage":"en-US"},{"@type":"Organization","@id":"https:\/\/villapaolija.com\/#organization","name":"Villa Paolija - Apartments with pool","url":"https:\/\/villapaolija.com\/","logo":{"@type":"ImageObject","inLanguage":"en-US","@id":"https:\/\/villapaolija.com\/#\/schema\/logo\/image\/","url":"https:\/\/villapaolija.com\/villapaolija\/wp-content\/uploads\/2025\/02\/logo_vp_18.png","contentUrl":"https:\/\/villapaolija.com\/villapaolija\/wp-content\/uploads\/2025\/02\/logo_vp_18.png","width":280,"height":85,"caption":"Villa Paolija - Apartmani s bazenom"},"image":{"@id":"https:\/\/villapaolija.com\/#\/schema\/logo\/image\/"}}]}},"_links":{"self":[{"href":"https:\/\/villapaolija.com\/en\/wp-json\/wp\/v2\/pages\/14","targetHints":{"allow":["GET"]}}],"collection":[{"href":"https:\/\/villapaolija.com\/en\/wp-json\/wp\/v2\/pages"}],"about":[{"href":"https:\/\/villapaolija.com\/en\/wp-json\/wp\/v2\/types\/page"}],"author":[{"embeddable":true,"href":"https:\/\/villapaolija.com\/en\/wp-json\/wp\/v2\/users\/1"}],"replies":[{"embeddable":true,"href":"https:\/\/villapaolija.com\/en\/wp-json\/wp\/v2\/comments?post=14"}],"version-history":[{"count":5,"href":"https:\/\/villapaolija.com\/en\/wp-json\/wp\/v2\/pages\/14\/revisions"}],"predecessor-version":[{"id":696,"href":"https:\/\/villapaolija.com\/en\/wp-json\/wp\/v2\/pages\/14\/revisions\/696"}],"wp:attachment":[{"href":"https:\/\/villapaolija.com\/en\/wp-json\/wp\/v2\/media?parent=14"}],"curies":[{"name":"wp","href":"https:\/\/api.w.org\/{rel}","templated":true}]}}