{"id":25,"date":"2025-02-18T17:58:05","date_gmt":"2025-02-18T17:58:05","guid":{"rendered":"https:\/\/villapaolija.com\/villapaolija\/our-story\/"},"modified":"2025-10-31T11:55:26","modified_gmt":"2025-10-31T09:55:26","slug":"liste-de-prix-de-reservation","status":"publish","type":"page","link":"https:\/\/villapaolija.com\/fr\/liste-de-prix-de-reservation\/","title":{"rendered":"Liste de prix et r\u00e9servations"},"content":{"rendered":"<h1>Liste de prix et r\u00e9servations<\/h1>\n<h2>Sur cette page, vous pouvez consulter les prix de nos appartements et effectuer une r\u00e9servation.<\/h2>\n<ul>\n<li>Les appartements ont une superficie de 65m2 \u00e0 110m2, chacun dispose d&#039;une entr\u00e9e s\u00e9par\u00e9e, de 2 (deux) ou 3 (trois) chambres, d&#039;une cuisine, d&#039;un salon et d&#039;une salle de bains avec cabine de douche et de sa propre terrasse avec son propre barbecue.<\/li>\n<li>Tous les appartements sont climatis\u00e9s ou chauff\u00e9s par chauffage central, disposent d&#039;une cuisine enti\u00e8rement \u00e9quip\u00e9e et de tous les appareils \u00e9lectrom\u00e9nagers.<\/li>\n<li>L&#039;acc\u00e8s \u00e0 Internet via des points d&#039;acc\u00e8s Wi-Fi est inclus dans le prix.<\/li>\n<li>La Villa Paolija offre \u00e0 ses h\u00f4tes d\u00e9tente et plaisir dans une piscine priv\u00e9e avec un espace de repos ou de jeux et rafra\u00eechissements dans une cuisine d&#039;\u00e9t\u00e9 couverte.<\/li>\n<li>Il y a \u00e9galement un barbecue, une chemin\u00e9e ou un po\u00eale \u00e0 gaz dans le jardin.<\/li>\n<li>La maison poss\u00e8de un jardin, et juste \u00e0 c\u00f4t\u00e9 se trouvent des terrains de sport et un grand parc \u2013 adapt\u00e9s aux enfants ; du mat\u00e9riel sportif et des v\u00e9los de loisirs sont disponibles.<\/li>\n<li>Tous les clients b\u00e9n\u00e9ficient d&#039;un parking s\u00e9curis\u00e9 et \u00e9clair\u00e9 devant la maison.<\/li>\n<li>L&#039;appartement Elly est situ\u00e9 dans un immeuble r\u00e9sidentiel pr\u00e8s de la Villa Paolija et tous les clients de l&#039;appartement Elly ont acc\u00e8s \u00e0 toutes les commodit\u00e9s de la Villa Paolija.<\/li>\n<\/ul>\n<p><img decoding=\"async\" class=\"alignnone wp-image-819 size-full lazyload\" data-src=\"https:\/\/villapaolija.com\/villapaolija\/wp-content\/uploads\/2025\/10\/Screenshot-2025-10-31-105055-e1761904505105.png\" alt=\"liste de prix\" width=\"998\" height=\"567\" data-srcset=\"https:\/\/villapaolija.com\/villapaolija\/wp-content\/uploads\/2025\/10\/Screenshot-2025-10-31-105055-e1761904505105.png 998w, https:\/\/villapaolija.com\/villapaolija\/wp-content\/uploads\/2025\/10\/Screenshot-2025-10-31-105055-e1761904505105-300x170.png 300w, https:\/\/villapaolija.com\/villapaolija\/wp-content\/uploads\/2025\/10\/Screenshot-2025-10-31-105055-e1761904505105-768x436.png 768w, https:\/\/villapaolija.com\/villapaolija\/wp-content\/uploads\/2025\/10\/Screenshot-2025-10-31-105055-e1761904505105-18x10.png 18w\" data-sizes=\"(max-width: 998px) 100vw, 998px\" src=\"data:image\/gif;base64,R0lGODlhAQABAAAAACH5BAEKAAEALAAAAAABAAEAAAICTAEAOw==\" style=\"--smush-placeholder-width: 998px; --smush-placeholder-aspect-ratio: 998\/567;\" \/><\/p>\n<p>\u00a0<\/p>\n<p>Le bailleur n&#039;est pas soumis au paiement de la TVA conform\u00e9ment aux dispositions de l&#039;article 22 de la loi sur la TVA.<br \/>Le montant du nombre de nuits convenu au pr\u00e9alable est \u00e0 r\u00e9gler imm\u00e9diatement \u00e0 l&#039;arriv\u00e9e, le premier jour d&#039;utilisation du logement. Dans le cas contraire, l&#039;h\u00f4te conservera les documents personnels du client (passeport, carte d&#039;identit\u00e9, etc.) jusqu&#039;au paiement int\u00e9gral.<br \/>S\u00e9jour minimum 3 jours.<br \/>Du 30.05 au 26.09.2026, s\u00e9jour minimum de 7 jours, arriv\u00e9e-d\u00e9part le samedi.<br \/>La liste de prix est valable \u00e0 partir du 01.01.2026<\/p>\n\n\n<p><\/p>\n\n\n\n<figure class=\"wp-block-gallery has-nested-images columns-default is-cropped wp-block-gallery-1 is-layout-flex wp-block-gallery-is-layout-flex\"><\/figure>\n\n\n\n<p><\/p>","protected":false},"excerpt":{"rendered":"<p>Cjenik i rezervacije Na ovoj stranici mo\u017eete pogledati cijene na\u0161ih apartmana i napraviti rezervaciju Apartmani su povr\u0161ine 65m2-110m2, svaki ima poseban ulaz, 2(dvije) ili 3(tri) spava\u0107e sobe, kuhinju, dnevni boravak i kupatilo s tu\u0161 kabinom i svoju terasu sa vlastitim ro\u0161tiljem &#8211; grilom. Svi su apartmani klimatizirani ili grijani sa centralnim grijanjem, imaju potpunu kuhinjsku [&hellip;]<\/p>\n","protected":false},"author":1,"featured_media":0,"parent":0,"menu_order":0,"comment_status":"closed","ping_status":"closed","template":"","meta":{"_breakdance_hide_in_design_set":false,"_breakdance_tags":"","footnotes":""},"class_list":["post-25","page","type-page","status-publish","hentry"],"yoast_head":"<!-- This site is optimized with the Yoast SEO Premium plugin v24.8 (Yoast SEO v27.2) - https:\/\/yoast.com\/product\/yoast-seo-premium-wordpress\/ -->\n<title>Cjenik i rezervacije - Villa Paolija - Apartmani s bazenom %<\/title>\n<meta name=\"robots\" content=\"index, follow, max-snippet:-1, max-image-preview:large, max-video-preview:-1\" \/>\n<link rel=\"canonical\" href=\"https:\/\/villapaolija.com\/fr\/liste-de-prix-de-reservation\/\" \/>\n<meta property=\"og:locale\" content=\"fr_FR\" \/>\n<meta property=\"og:type\" content=\"article\" \/>\n<meta property=\"og:title\" content=\"Cjenik i rezervacije\" \/>\n<meta property=\"og:description\" content=\"Cjenik i rezervacije Na ovoj stranici mo\u017eete pogledati cijene na\u0161ih apartmana i napraviti rezervaciju Apartmani su povr\u0161ine 65m2-110m2, svaki ima poseban ulaz, 2(dvije) ili 3(tri) spava\u0107e sobe, kuhinju, dnevni boravak i kupatilo s tu\u0161 kabinom i svoju terasu sa vlastitim ro\u0161tiljem &#8211; grilom. Svi su apartmani klimatizirani ili grijani sa centralnim grijanjem, imaju potpunu kuhinjsku [&hellip;]\" \/>\n<meta property=\"og:url\" content=\"https:\/\/villapaolija.com\/fr\/liste-de-prix-de-reservation\/\" \/>\n<meta property=\"og:site_name\" content=\"Villa Paolija - Apartmani s bazenom\" \/>\n<meta property=\"article:modified_time\" content=\"2025-10-31T09:55:26+00:00\" \/>\n<meta property=\"og:image\" content=\"https:\/\/villapaolija.com\/villapaolija\/wp-content\/uploads\/2025\/10\/Screenshot-2025-10-31-105055-e1761904505105.png\" \/>\n\t<meta property=\"og:image:width\" content=\"998\" \/>\n\t<meta property=\"og:image:height\" content=\"567\" \/>\n\t<meta property=\"og:image:type\" content=\"image\/png\" \/>\n<meta name=\"twitter:card\" content=\"summary_large_image\" \/>\n<meta name=\"twitter:label1\" content=\"Dur\u00e9e de lecture estim\u00e9e\" \/>\n\t<meta name=\"twitter:data1\" content=\"2 minutes\" \/>\n<script type=\"application\/ld+json\" class=\"yoast-schema-graph\">{\"@context\":\"https:\/\/schema.org\",\"@graph\":[{\"@type\":\"WebPage\",\"@id\":\"https:\/\/villapaolija.com\/cjenik-rezervacije\/\",\"url\":\"https:\/\/villapaolija.com\/cjenik-rezervacije\/\",\"name\":\"Cjenik i rezervacije - Villa Paolija - Apartmani s bazenom %\",\"isPartOf\":{\"@id\":\"https:\/\/villapaolija.com\/#website\"},\"primaryImageOfPage\":{\"@id\":\"https:\/\/villapaolija.com\/cjenik-rezervacije\/#primaryimage\"},\"image\":{\"@id\":\"https:\/\/villapaolija.com\/cjenik-rezervacije\/#primaryimage\"},\"thumbnailUrl\":\"https:\/\/villapaolija.com\/villapaolija\/wp-content\/uploads\/2025\/10\/Screenshot-2025-10-31-105055-e1761904505105.png\",\"datePublished\":\"2025-02-18T17:58:05+00:00\",\"dateModified\":\"2025-10-31T09:55:26+00:00\",\"breadcrumb\":{\"@id\":\"https:\/\/villapaolija.com\/cjenik-rezervacije\/#breadcrumb\"},\"inLanguage\":\"fr-FR\",\"potentialAction\":[{\"@type\":\"ReadAction\",\"target\":[\"https:\/\/villapaolija.com\/cjenik-rezervacije\/\"]}]},{\"@type\":\"ImageObject\",\"inLanguage\":\"fr-FR\",\"@id\":\"https:\/\/villapaolija.com\/cjenik-rezervacije\/#primaryimage\",\"url\":\"https:\/\/villapaolija.com\/villapaolija\/wp-content\/uploads\/2025\/10\/Screenshot-2025-10-31-105055-e1761904505105.png\",\"contentUrl\":\"https:\/\/villapaolija.com\/villapaolija\/wp-content\/uploads\/2025\/10\/Screenshot-2025-10-31-105055-e1761904505105.png\"},{\"@type\":\"BreadcrumbList\",\"@id\":\"https:\/\/villapaolija.com\/cjenik-rezervacije\/#breadcrumb\",\"itemListElement\":[{\"@type\":\"ListItem\",\"position\":1,\"name\":\"Home\",\"item\":\"https:\/\/villapaolija.com\/\"},{\"@type\":\"ListItem\",\"position\":2,\"name\":\"Cjenik i rezervacije\"}]},{\"@type\":\"WebSite\",\"@id\":\"https:\/\/villapaolija.com\/#website\",\"url\":\"https:\/\/villapaolija.com\/\",\"name\":\"Villa Paolija - Apartmani s bazenom\",\"description\":\"Idealan odmor za cijelu obitelj u NOVIGRADU\",\"publisher\":{\"@id\":\"https:\/\/villapaolija.com\/#organization\"},\"potentialAction\":[{\"@type\":\"SearchAction\",\"target\":{\"@type\":\"EntryPoint\",\"urlTemplate\":\"https:\/\/villapaolija.com\/?s={search_term_string}\"},\"query-input\":{\"@type\":\"PropertyValueSpecification\",\"valueRequired\":true,\"valueName\":\"search_term_string\"}}],\"inLanguage\":\"fr-FR\"},{\"@type\":\"Organization\",\"@id\":\"https:\/\/villapaolija.com\/#organization\",\"name\":\"Villa Paolija - Apartmani s bazenom\",\"url\":\"https:\/\/villapaolija.com\/\",\"logo\":{\"@type\":\"ImageObject\",\"inLanguage\":\"fr-FR\",\"@id\":\"https:\/\/villapaolija.com\/#\/schema\/logo\/image\/\",\"url\":\"https:\/\/villapaolija.com\/villapaolija\/wp-content\/uploads\/2025\/02\/logo_vp_18.png\",\"contentUrl\":\"https:\/\/villapaolija.com\/villapaolija\/wp-content\/uploads\/2025\/02\/logo_vp_18.png\",\"width\":280,\"height\":85,\"caption\":\"Villa Paolija - Apartmani s bazenom\"},\"image\":{\"@id\":\"https:\/\/villapaolija.com\/#\/schema\/logo\/image\/\"}}]}<\/script>\n<!-- \/ Yoast SEO Premium plugin. -->","yoast_head_json":{"title":"Tarifs et r\u00e9servations - Villa Paolija - Appartements avec piscine %","robots":{"index":"index","follow":"follow","max-snippet":"max-snippet:-1","max-image-preview":"max-image-preview:large","max-video-preview":"max-video-preview:-1"},"canonical":"https:\/\/villapaolija.com\/fr\/liste-de-prix-de-reservation\/","og_locale":"fr_FR","og_type":"article","og_title":"Cjenik i rezervacije","og_description":"Cjenik i rezervacije Na ovoj stranici mo\u017eete pogledati cijene na\u0161ih apartmana i napraviti rezervaciju Apartmani su povr\u0161ine 65m2-110m2, svaki ima poseban ulaz, 2(dvije) ili 3(tri) spava\u0107e sobe, kuhinju, dnevni boravak i kupatilo s tu\u0161 kabinom i svoju terasu sa vlastitim ro\u0161tiljem &#8211; grilom. Svi su apartmani klimatizirani ili grijani sa centralnim grijanjem, imaju potpunu kuhinjsku [&hellip;]","og_url":"https:\/\/villapaolija.com\/fr\/liste-de-prix-de-reservation\/","og_site_name":"Villa Paolija - Apartmani s bazenom","article_modified_time":"2025-10-31T09:55:26+00:00","og_image":[{"width":998,"height":567,"url":"https:\/\/villapaolija.com\/villapaolija\/wp-content\/uploads\/2025\/10\/Screenshot-2025-10-31-105055-e1761904505105.png","type":"image\/png"}],"twitter_card":"summary_large_image","twitter_misc":{"Dur\u00e9e de lecture estim\u00e9e":"2 minutes"},"schema":{"@context":"https:\/\/schema.org","@graph":[{"@type":"WebPage","@id":"https:\/\/villapaolija.com\/cjenik-rezervacije\/","url":"https:\/\/villapaolija.com\/cjenik-rezervacije\/","name":"Tarifs et r\u00e9servations - Villa Paolija - Appartements avec piscine %","isPartOf":{"@id":"https:\/\/villapaolija.com\/#website"},"primaryImageOfPage":{"@id":"https:\/\/villapaolija.com\/cjenik-rezervacije\/#primaryimage"},"image":{"@id":"https:\/\/villapaolija.com\/cjenik-rezervacije\/#primaryimage"},"thumbnailUrl":"https:\/\/villapaolija.com\/villapaolija\/wp-content\/uploads\/2025\/10\/Screenshot-2025-10-31-105055-e1761904505105.png","datePublished":"2025-02-18T17:58:05+00:00","dateModified":"2025-10-31T09:55:26+00:00","breadcrumb":{"@id":"https:\/\/villapaolija.com\/cjenik-rezervacije\/#breadcrumb"},"inLanguage":"fr-FR","potentialAction":[{"@type":"ReadAction","target":["https:\/\/villapaolija.com\/cjenik-rezervacije\/"]}]},{"@type":"ImageObject","inLanguage":"fr-FR","@id":"https:\/\/villapaolija.com\/cjenik-rezervacije\/#primaryimage","url":"https:\/\/villapaolija.com\/villapaolija\/wp-content\/uploads\/2025\/10\/Screenshot-2025-10-31-105055-e1761904505105.png","contentUrl":"https:\/\/villapaolija.com\/villapaolija\/wp-content\/uploads\/2025\/10\/Screenshot-2025-10-31-105055-e1761904505105.png"},{"@type":"BreadcrumbList","@id":"https:\/\/villapaolija.com\/cjenik-rezervacije\/#breadcrumb","itemListElement":[{"@type":"ListItem","position":1,"name":"Home","item":"https:\/\/villapaolija.com\/"},{"@type":"ListItem","position":2,"name":"Cjenik i rezervacije"}]},{"@type":"WebSite","@id":"https:\/\/villapaolija.com\/#website","url":"https:\/\/villapaolija.com\/","name":"Villa Paolija - Appartements avec piscine","description":"Des vacances id\u00e9ales pour toute la famille \u00e0 NOVIGRAD","publisher":{"@id":"https:\/\/villapaolija.com\/#organization"},"potentialAction":[{"@type":"SearchAction","target":{"@type":"EntryPoint","urlTemplate":"https:\/\/villapaolija.com\/?s={search_term_string}"},"query-input":{"@type":"PropertyValueSpecification","valueRequired":true,"valueName":"search_term_string"}}],"inLanguage":"fr-FR"},{"@type":"Organization","@id":"https:\/\/villapaolija.com\/#organization","name":"Villa Paolija - Appartements avec piscine","url":"https:\/\/villapaolija.com\/","logo":{"@type":"ImageObject","inLanguage":"fr-FR","@id":"https:\/\/villapaolija.com\/#\/schema\/logo\/image\/","url":"https:\/\/villapaolija.com\/villapaolija\/wp-content\/uploads\/2025\/02\/logo_vp_18.png","contentUrl":"https:\/\/villapaolija.com\/villapaolija\/wp-content\/uploads\/2025\/02\/logo_vp_18.png","width":280,"height":85,"caption":"Villa Paolija - Apartmani s bazenom"},"image":{"@id":"https:\/\/villapaolija.com\/#\/schema\/logo\/image\/"}}]}},"_links":{"self":[{"href":"https:\/\/villapaolija.com\/fr\/wp-json\/wp\/v2\/pages\/25","targetHints":{"allow":["GET"]}}],"collection":[{"href":"https:\/\/villapaolija.com\/fr\/wp-json\/wp\/v2\/pages"}],"about":[{"href":"https:\/\/villapaolija.com\/fr\/wp-json\/wp\/v2\/types\/page"}],"author":[{"embeddable":true,"href":"https:\/\/villapaolija.com\/fr\/wp-json\/wp\/v2\/users\/1"}],"replies":[{"embeddable":true,"href":"https:\/\/villapaolija.com\/fr\/wp-json\/wp\/v2\/comments?post=25"}],"version-history":[{"count":27,"href":"https:\/\/villapaolija.com\/fr\/wp-json\/wp\/v2\/pages\/25\/revisions"}],"predecessor-version":[{"id":821,"href":"https:\/\/villapaolija.com\/fr\/wp-json\/wp\/v2\/pages\/25\/revisions\/821"}],"wp:attachment":[{"href":"https:\/\/villapaolija.com\/fr\/wp-json\/wp\/v2\/media?parent=25"}],"curies":[{"name":"wp","href":"https:\/\/api.w.org\/{rel}","templated":true}]}}