{"id":25,"date":"2025-02-18T17:58:05","date_gmt":"2025-02-18T17:58:05","guid":{"rendered":"https:\/\/villapaolija.com\/villapaolija\/our-story\/"},"modified":"2025-10-31T11:55:26","modified_gmt":"2025-10-31T09:55:26","slug":"listino-prezzi-di-prenotazione","status":"publish","type":"page","link":"https:\/\/villapaolija.com\/it\/listino-prezzi-di-prenotazione\/","title":{"rendered":"Listino prezzi e prenotazioni"},"content":{"rendered":"<h1>Listino prezzi e prenotazioni<\/h1>\n<h2>In questa pagina puoi consultare i prezzi dei nostri appartamenti ed effettuare una prenotazione.<\/h2>\n<ul>\n<li>Gli appartamenti hanno una superficie di 65-110 m2, ognuno ha un ingresso indipendente, 2 (due) o 3 (tre) camere da letto, una cucina, un soggiorno e un bagno con cabina doccia e una terrazza privata con barbecue.<\/li>\n<li>Tutti gli appartamenti sono dotati di aria condizionata o riscaldamento centralizzato, cucina completamente attrezzata e di tutti gli elettrodomestici.<\/li>\n<li>L&#039;accesso a Internet tramite hotspot Wi-Fi \u00e8 incluso nel prezzo.<\/li>\n<li>Villa Paolija offre ai suoi ospiti relax e divertimento in una piscina privata con uno spazio per riposare o giocare e un refrigerio in una cucina estiva coperta.<\/li>\n<li>Nel giardino troverete anche un barbecue o una stufa a gas.<\/li>\n<li>La casa ha un cortile, proprio accanto ci sono campi sportivi e un grande parco, adatto ai bambini, dove sono disponibili attrezzature sportive e biciclette per il tempo libero.<\/li>\n<li>Tutti gli ospiti hanno a disposizione un parcheggio sicuro e illuminato di fronte alla casa.<\/li>\n<li>L&#039;appartamento Elly si trova in un edificio residenziale vicino a Villa Paolija e tutti gli ospiti dell&#039;appartamento Elly hanno accesso a tutti i servizi di Villa Paolija.<\/li>\n<\/ul>\n<p><img decoding=\"async\" class=\"alignnone wp-image-819 size-full lazyload\" data-src=\"https:\/\/villapaolija.com\/villapaolija\/wp-content\/uploads\/2025\/10\/Screenshot-2025-10-31-105055-e1761904505105.png\" alt=\"listino prezzi\" width=\"998\" height=\"567\" data-srcset=\"https:\/\/villapaolija.com\/villapaolija\/wp-content\/uploads\/2025\/10\/Screenshot-2025-10-31-105055-e1761904505105.png 998w, https:\/\/villapaolija.com\/villapaolija\/wp-content\/uploads\/2025\/10\/Screenshot-2025-10-31-105055-e1761904505105-300x170.png 300w, https:\/\/villapaolija.com\/villapaolija\/wp-content\/uploads\/2025\/10\/Screenshot-2025-10-31-105055-e1761904505105-768x436.png 768w, https:\/\/villapaolija.com\/villapaolija\/wp-content\/uploads\/2025\/10\/Screenshot-2025-10-31-105055-e1761904505105-18x10.png 18w\" data-sizes=\"(max-width: 998px) 100vw, 998px\" src=\"data:image\/gif;base64,R0lGODlhAQABAAAAACH5BAEKAAEALAAAAAABAAEAAAICTAEAOw==\" style=\"--smush-placeholder-width: 998px; --smush-placeholder-aspect-ratio: 998\/567;\" \/><\/p>\n<p>\u00a0<\/p>\n<p>Il locatore non \u00e8 soggetto al pagamento dell&#039;IVA secondo quanto disposto dall&#039;articolo 22 della legge sull&#039;IVA.<br \/>L&#039;importo del numero di notti concordato verr\u00e0 saldato immediatamente all&#039;arrivo, il primo giorno di utilizzo dell&#039;alloggio, in caso contrario l&#039;host tratterr\u00e0 il documento personale dell&#039;ospite (passaporto, carta d&#039;identit\u00e0, ecc.) fino al pagamento completo.<br \/>Soggiorno minimo 3 giorni.<br \/>30.05.-26.09.2026 soggiorno minimo 7 giorni arrivo-partenza SABATO.<br \/>Il listino prezzi \u00e8 valido dal 01.01.2026<\/p>\n\n\n<p><\/p>\n\n\n\n<figure class=\"wp-block-gallery has-nested-images columns-default is-cropped wp-block-gallery-1 is-layout-flex wp-block-gallery-is-layout-flex\"><\/figure>\n\n\n\n<p><\/p>","protected":false},"excerpt":{"rendered":"<p>Cjenik i rezervacije Na ovoj stranici mo\u017eete pogledati cijene na\u0161ih apartmana i napraviti rezervaciju Apartmani su povr\u0161ine 65m2-110m2, svaki ima poseban ulaz, 2(dvije) ili 3(tri) spava\u0107e sobe, kuhinju, dnevni boravak i kupatilo s tu\u0161 kabinom i svoju terasu sa vlastitim ro\u0161tiljem &#8211; grilom. Svi su apartmani klimatizirani ili grijani sa centralnim grijanjem, imaju potpunu kuhinjsku [&hellip;]<\/p>\n","protected":false},"author":1,"featured_media":0,"parent":0,"menu_order":0,"comment_status":"closed","ping_status":"closed","template":"","meta":{"_breakdance_hide_in_design_set":false,"_breakdance_tags":"","footnotes":""},"class_list":["post-25","page","type-page","status-publish","hentry"],"yoast_head":"<!-- This site is optimized with the Yoast SEO Premium plugin v24.8 (Yoast SEO v27.2) - https:\/\/yoast.com\/product\/yoast-seo-premium-wordpress\/ -->\n<title>Cjenik i rezervacije - Villa Paolija - Apartmani s bazenom %<\/title>\n<meta name=\"robots\" content=\"index, follow, max-snippet:-1, max-image-preview:large, max-video-preview:-1\" \/>\n<link rel=\"canonical\" href=\"https:\/\/villapaolija.com\/it\/listino-prezzi-di-prenotazione\/\" \/>\n<meta property=\"og:locale\" content=\"it_IT\" \/>\n<meta property=\"og:type\" content=\"article\" \/>\n<meta property=\"og:title\" content=\"Cjenik i rezervacije\" \/>\n<meta property=\"og:description\" content=\"Cjenik i rezervacije Na ovoj stranici mo\u017eete pogledati cijene na\u0161ih apartmana i napraviti rezervaciju Apartmani su povr\u0161ine 65m2-110m2, svaki ima poseban ulaz, 2(dvije) ili 3(tri) spava\u0107e sobe, kuhinju, dnevni boravak i kupatilo s tu\u0161 kabinom i svoju terasu sa vlastitim ro\u0161tiljem &#8211; grilom. Svi su apartmani klimatizirani ili grijani sa centralnim grijanjem, imaju potpunu kuhinjsku [&hellip;]\" \/>\n<meta property=\"og:url\" content=\"https:\/\/villapaolija.com\/it\/listino-prezzi-di-prenotazione\/\" \/>\n<meta property=\"og:site_name\" content=\"Villa Paolija - Apartmani s bazenom\" \/>\n<meta property=\"article:modified_time\" content=\"2025-10-31T09:55:26+00:00\" \/>\n<meta property=\"og:image\" content=\"https:\/\/villapaolija.com\/villapaolija\/wp-content\/uploads\/2025\/10\/Screenshot-2025-10-31-105055-e1761904505105.png\" \/>\n\t<meta property=\"og:image:width\" content=\"998\" \/>\n\t<meta property=\"og:image:height\" content=\"567\" \/>\n\t<meta property=\"og:image:type\" content=\"image\/png\" \/>\n<meta name=\"twitter:card\" content=\"summary_large_image\" \/>\n<meta name=\"twitter:label1\" content=\"Tempo di lettura stimato\" \/>\n\t<meta name=\"twitter:data1\" content=\"2 minuti\" \/>\n<script type=\"application\/ld+json\" class=\"yoast-schema-graph\">{\"@context\":\"https:\/\/schema.org\",\"@graph\":[{\"@type\":\"WebPage\",\"@id\":\"https:\/\/villapaolija.com\/cjenik-rezervacije\/\",\"url\":\"https:\/\/villapaolija.com\/cjenik-rezervacije\/\",\"name\":\"Cjenik i rezervacije - Villa Paolija - Apartmani s bazenom %\",\"isPartOf\":{\"@id\":\"https:\/\/villapaolija.com\/#website\"},\"primaryImageOfPage\":{\"@id\":\"https:\/\/villapaolija.com\/cjenik-rezervacije\/#primaryimage\"},\"image\":{\"@id\":\"https:\/\/villapaolija.com\/cjenik-rezervacije\/#primaryimage\"},\"thumbnailUrl\":\"https:\/\/villapaolija.com\/villapaolija\/wp-content\/uploads\/2025\/10\/Screenshot-2025-10-31-105055-e1761904505105.png\",\"datePublished\":\"2025-02-18T17:58:05+00:00\",\"dateModified\":\"2025-10-31T09:55:26+00:00\",\"breadcrumb\":{\"@id\":\"https:\/\/villapaolija.com\/cjenik-rezervacije\/#breadcrumb\"},\"inLanguage\":\"it-IT\",\"potentialAction\":[{\"@type\":\"ReadAction\",\"target\":[\"https:\/\/villapaolija.com\/cjenik-rezervacije\/\"]}]},{\"@type\":\"ImageObject\",\"inLanguage\":\"it-IT\",\"@id\":\"https:\/\/villapaolija.com\/cjenik-rezervacije\/#primaryimage\",\"url\":\"https:\/\/villapaolija.com\/villapaolija\/wp-content\/uploads\/2025\/10\/Screenshot-2025-10-31-105055-e1761904505105.png\",\"contentUrl\":\"https:\/\/villapaolija.com\/villapaolija\/wp-content\/uploads\/2025\/10\/Screenshot-2025-10-31-105055-e1761904505105.png\"},{\"@type\":\"BreadcrumbList\",\"@id\":\"https:\/\/villapaolija.com\/cjenik-rezervacije\/#breadcrumb\",\"itemListElement\":[{\"@type\":\"ListItem\",\"position\":1,\"name\":\"Home\",\"item\":\"https:\/\/villapaolija.com\/\"},{\"@type\":\"ListItem\",\"position\":2,\"name\":\"Cjenik i rezervacije\"}]},{\"@type\":\"WebSite\",\"@id\":\"https:\/\/villapaolija.com\/#website\",\"url\":\"https:\/\/villapaolija.com\/\",\"name\":\"Villa Paolija - Apartmani s bazenom\",\"description\":\"Idealan odmor za cijelu obitelj u NOVIGRADU\",\"publisher\":{\"@id\":\"https:\/\/villapaolija.com\/#organization\"},\"potentialAction\":[{\"@type\":\"SearchAction\",\"target\":{\"@type\":\"EntryPoint\",\"urlTemplate\":\"https:\/\/villapaolija.com\/?s={search_term_string}\"},\"query-input\":{\"@type\":\"PropertyValueSpecification\",\"valueRequired\":true,\"valueName\":\"search_term_string\"}}],\"inLanguage\":\"it-IT\"},{\"@type\":\"Organization\",\"@id\":\"https:\/\/villapaolija.com\/#organization\",\"name\":\"Villa Paolija - Apartmani s bazenom\",\"url\":\"https:\/\/villapaolija.com\/\",\"logo\":{\"@type\":\"ImageObject\",\"inLanguage\":\"it-IT\",\"@id\":\"https:\/\/villapaolija.com\/#\/schema\/logo\/image\/\",\"url\":\"https:\/\/villapaolija.com\/villapaolija\/wp-content\/uploads\/2025\/02\/logo_vp_18.png\",\"contentUrl\":\"https:\/\/villapaolija.com\/villapaolija\/wp-content\/uploads\/2025\/02\/logo_vp_18.png\",\"width\":280,\"height\":85,\"caption\":\"Villa Paolija - Apartmani s bazenom\"},\"image\":{\"@id\":\"https:\/\/villapaolija.com\/#\/schema\/logo\/image\/\"}}]}<\/script>\n<!-- \/ Yoast SEO Premium plugin. -->","yoast_head_json":{"title":"Listino prezzi e prenotazioni - Villa Paolija - Appartamenti con piscina %","robots":{"index":"index","follow":"follow","max-snippet":"max-snippet:-1","max-image-preview":"max-image-preview:large","max-video-preview":"max-video-preview:-1"},"canonical":"https:\/\/villapaolija.com\/it\/listino-prezzi-di-prenotazione\/","og_locale":"it_IT","og_type":"article","og_title":"Cjenik i rezervacije","og_description":"Cjenik i rezervacije Na ovoj stranici mo\u017eete pogledati cijene na\u0161ih apartmana i napraviti rezervaciju Apartmani su povr\u0161ine 65m2-110m2, svaki ima poseban ulaz, 2(dvije) ili 3(tri) spava\u0107e sobe, kuhinju, dnevni boravak i kupatilo s tu\u0161 kabinom i svoju terasu sa vlastitim ro\u0161tiljem &#8211; grilom. Svi su apartmani klimatizirani ili grijani sa centralnim grijanjem, imaju potpunu kuhinjsku [&hellip;]","og_url":"https:\/\/villapaolija.com\/it\/listino-prezzi-di-prenotazione\/","og_site_name":"Villa Paolija - Apartmani s bazenom","article_modified_time":"2025-10-31T09:55:26+00:00","og_image":[{"width":998,"height":567,"url":"https:\/\/villapaolija.com\/villapaolija\/wp-content\/uploads\/2025\/10\/Screenshot-2025-10-31-105055-e1761904505105.png","type":"image\/png"}],"twitter_card":"summary_large_image","twitter_misc":{"Tempo di lettura stimato":"2 minuti"},"schema":{"@context":"https:\/\/schema.org","@graph":[{"@type":"WebPage","@id":"https:\/\/villapaolija.com\/cjenik-rezervacije\/","url":"https:\/\/villapaolija.com\/cjenik-rezervacije\/","name":"Listino prezzi e prenotazioni - Villa Paolija - Appartamenti con piscina %","isPartOf":{"@id":"https:\/\/villapaolija.com\/#website"},"primaryImageOfPage":{"@id":"https:\/\/villapaolija.com\/cjenik-rezervacije\/#primaryimage"},"image":{"@id":"https:\/\/villapaolija.com\/cjenik-rezervacije\/#primaryimage"},"thumbnailUrl":"https:\/\/villapaolija.com\/villapaolija\/wp-content\/uploads\/2025\/10\/Screenshot-2025-10-31-105055-e1761904505105.png","datePublished":"2025-02-18T17:58:05+00:00","dateModified":"2025-10-31T09:55:26+00:00","breadcrumb":{"@id":"https:\/\/villapaolija.com\/cjenik-rezervacije\/#breadcrumb"},"inLanguage":"it-IT","potentialAction":[{"@type":"ReadAction","target":["https:\/\/villapaolija.com\/cjenik-rezervacije\/"]}]},{"@type":"ImageObject","inLanguage":"it-IT","@id":"https:\/\/villapaolija.com\/cjenik-rezervacije\/#primaryimage","url":"https:\/\/villapaolija.com\/villapaolija\/wp-content\/uploads\/2025\/10\/Screenshot-2025-10-31-105055-e1761904505105.png","contentUrl":"https:\/\/villapaolija.com\/villapaolija\/wp-content\/uploads\/2025\/10\/Screenshot-2025-10-31-105055-e1761904505105.png"},{"@type":"BreadcrumbList","@id":"https:\/\/villapaolija.com\/cjenik-rezervacije\/#breadcrumb","itemListElement":[{"@type":"ListItem","position":1,"name":"Home","item":"https:\/\/villapaolija.com\/"},{"@type":"ListItem","position":2,"name":"Cjenik i rezervacije"}]},{"@type":"WebSite","@id":"https:\/\/villapaolija.com\/#website","url":"https:\/\/villapaolija.com\/","name":"Villa Paolija - Appartamenti con piscina","description":"Una vacanza ideale per tutta la famiglia a NOVIGRAD","publisher":{"@id":"https:\/\/villapaolija.com\/#organization"},"potentialAction":[{"@type":"SearchAction","target":{"@type":"EntryPoint","urlTemplate":"https:\/\/villapaolija.com\/?s={search_term_string}"},"query-input":{"@type":"PropertyValueSpecification","valueRequired":true,"valueName":"search_term_string"}}],"inLanguage":"it-IT"},{"@type":"Organization","@id":"https:\/\/villapaolija.com\/#organization","name":"Villa Paolija - Appartamenti con piscina","url":"https:\/\/villapaolija.com\/","logo":{"@type":"ImageObject","inLanguage":"it-IT","@id":"https:\/\/villapaolija.com\/#\/schema\/logo\/image\/","url":"https:\/\/villapaolija.com\/villapaolija\/wp-content\/uploads\/2025\/02\/logo_vp_18.png","contentUrl":"https:\/\/villapaolija.com\/villapaolija\/wp-content\/uploads\/2025\/02\/logo_vp_18.png","width":280,"height":85,"caption":"Villa Paolija - Apartmani s bazenom"},"image":{"@id":"https:\/\/villapaolija.com\/#\/schema\/logo\/image\/"}}]}},"_links":{"self":[{"href":"https:\/\/villapaolija.com\/it\/wp-json\/wp\/v2\/pages\/25","targetHints":{"allow":["GET"]}}],"collection":[{"href":"https:\/\/villapaolija.com\/it\/wp-json\/wp\/v2\/pages"}],"about":[{"href":"https:\/\/villapaolija.com\/it\/wp-json\/wp\/v2\/types\/page"}],"author":[{"embeddable":true,"href":"https:\/\/villapaolija.com\/it\/wp-json\/wp\/v2\/users\/1"}],"replies":[{"embeddable":true,"href":"https:\/\/villapaolija.com\/it\/wp-json\/wp\/v2\/comments?post=25"}],"version-history":[{"count":27,"href":"https:\/\/villapaolija.com\/it\/wp-json\/wp\/v2\/pages\/25\/revisions"}],"predecessor-version":[{"id":821,"href":"https:\/\/villapaolija.com\/it\/wp-json\/wp\/v2\/pages\/25\/revisions\/821"}],"wp:attachment":[{"href":"https:\/\/villapaolija.com\/it\/wp-json\/wp\/v2\/media?parent=25"}],"curies":[{"name":"parola chiave","href":"https:\/\/api.w.org\/{rel}","templated":true}]}}