{"id":25,"date":"2025-02-18T17:58:05","date_gmt":"2025-02-18T17:58:05","guid":{"rendered":"https:\/\/villapaolija.com\/villapaolija\/our-story\/"},"modified":"2025-10-31T11:55:26","modified_gmt":"2025-10-31T09:55:26","slug":"cenik-rezervacij","status":"publish","type":"page","link":"https:\/\/villapaolija.com\/sl\/cenik-rezervacij\/","title":{"rendered":"Cenik in rezervacije"},"content":{"rendered":"<h1>Cenik in rezervacije<\/h1>\n<h2>Na tej strani si lahko ogledate cene na\u0161ih apartmajev in rezervirate.<\/h2>\n<ul>\n<li>Apartmaji so veliki od 65m2 do 110m2, vsak ima lo\u010den vhod, 2 (dve) ali 3 (tri) spalnice, kuhinjo, dnevno sobo in kopalnico s tu\u0161 kabino ter lastno teraso z lastnim \u017earom.<\/li>\n<li>Vsi apartmaji so klimatizirani ali ogrevani s centralnim ogrevanjem, imajo popolnoma opremljeno kuhinjo in vse gospodinjske aparate.<\/li>\n<li>Dostop do interneta prek dostopnih to\u010dk Wi-Fi je vklju\u010den v ceno.<\/li>\n<li>Vila Paolija svojim gostom ponuja sprostitev in u\u017eivanje v zasebnem bazenu s prostorom za po\u010ditek ali igro ter osve\u017eitev v pokriti letni kuhinji.<\/li>\n<li>Na vrtu je tudi kamin za \u017ear ali plinski \u0161tedilnik.<\/li>\n<li>Hi\u0161a ima dvori\u0161\u010de, tik ob njem so \u0161portna igri\u0161\u010da in velik park - primeren za otroke, na voljo so \u0161portna oprema in kolesa za rekreacijo.<\/li>\n<li>Vsi gostje imajo varovano in osvetljeno parkiri\u0161\u010de pred hi\u0161o.<\/li>\n<li>Apartma Elly se nahaja v stanovanjski stavbi v bli\u017eini Vile Paolija in vsi gostje apartmaja Elly imajo dostop do vseh ugodnosti Vile Paolija.<\/li>\n<\/ul>\n<p><img decoding=\"async\" class=\"alignnone wp-image-819 size-full lazyload\" data-src=\"https:\/\/villapaolija.com\/villapaolija\/wp-content\/uploads\/2025\/10\/Screenshot-2025-10-31-105055-e1761904505105.png\" alt=\"cenik\" width=\"998\" height=\"567\" data-srcset=\"https:\/\/villapaolija.com\/villapaolija\/wp-content\/uploads\/2025\/10\/Screenshot-2025-10-31-105055-e1761904505105.png 998w, https:\/\/villapaolija.com\/villapaolija\/wp-content\/uploads\/2025\/10\/Screenshot-2025-10-31-105055-e1761904505105-300x170.png 300w, https:\/\/villapaolija.com\/villapaolija\/wp-content\/uploads\/2025\/10\/Screenshot-2025-10-31-105055-e1761904505105-768x436.png 768w, https:\/\/villapaolija.com\/villapaolija\/wp-content\/uploads\/2025\/10\/Screenshot-2025-10-31-105055-e1761904505105-18x10.png 18w\" data-sizes=\"(max-width: 998px) 100vw, 998px\" src=\"data:image\/gif;base64,R0lGODlhAQABAAAAACH5BAEKAAEALAAAAAABAAEAAAICTAEAOw==\" style=\"--smush-placeholder-width: 998px; --smush-placeholder-aspect-ratio: 998\/567;\" \/><\/p>\n<p>\u00a0<\/p>\n<p>Najemodajalec ni zavezanec za pla\u010dilo DDV v skladu z dolo\u010dbami 22. \u010dlena Zakona o DDV.<br \/>Znesek vnaprej dogovorjenega \u0161tevila no\u010ditev se pla\u010da takoj ob prihodu na prvi dan uporabe namestitve, sicer bo gostitelj obdr\u017eal osebni dokument gosta (potni list, osebno izkaznico itd.) do celotnega pla\u010dila.<br \/>Minimalno bivanje 3 dni.<br \/>30.05.-26.09.2026 minimalno bivanje 7 dni prihod-odhod SOBOTA.<br \/>Cenik velja od 01.01.2026<\/p>\n\n\n<p><\/p>\n\n\n\n<figure class=\"wp-block-gallery has-nested-images columns-default is-cropped wp-block-gallery-1 is-layout-flex wp-block-gallery-is-layout-flex\"><\/figure>\n\n\n\n<p><\/p>","protected":false},"excerpt":{"rendered":"<p>Cjenik i rezervacije Na ovoj stranici mo\u017eete pogledati cijene na\u0161ih apartmana i napraviti rezervaciju Apartmani su povr\u0161ine 65m2-110m2, svaki ima poseban ulaz, 2(dvije) ili 3(tri) spava\u0107e sobe, kuhinju, dnevni boravak i kupatilo s tu\u0161 kabinom i svoju terasu sa vlastitim ro\u0161tiljem &#8211; grilom. Svi su apartmani klimatizirani ili grijani sa centralnim grijanjem, imaju potpunu kuhinjsku [&hellip;]<\/p>\n","protected":false},"author":1,"featured_media":0,"parent":0,"menu_order":0,"comment_status":"closed","ping_status":"closed","template":"","meta":{"_breakdance_hide_in_design_set":false,"_breakdance_tags":"","footnotes":""},"class_list":["post-25","page","type-page","status-publish","hentry"],"yoast_head":"<!-- This site is optimized with the Yoast SEO Premium plugin v24.8 (Yoast SEO v27.2) - https:\/\/yoast.com\/product\/yoast-seo-premium-wordpress\/ -->\n<title>Cjenik i rezervacije - Villa Paolija - Apartmani s bazenom %<\/title>\n<meta name=\"robots\" content=\"index, follow, max-snippet:-1, max-image-preview:large, max-video-preview:-1\" \/>\n<link rel=\"canonical\" href=\"https:\/\/villapaolija.com\/sl\/cenik-rezervacij\/\" \/>\n<meta property=\"og:locale\" content=\"sl_SI\" \/>\n<meta property=\"og:type\" content=\"article\" \/>\n<meta property=\"og:title\" content=\"Cjenik i rezervacije\" \/>\n<meta property=\"og:description\" content=\"Cjenik i rezervacije Na ovoj stranici mo\u017eete pogledati cijene na\u0161ih apartmana i napraviti rezervaciju Apartmani su povr\u0161ine 65m2-110m2, svaki ima poseban ulaz, 2(dvije) ili 3(tri) spava\u0107e sobe, kuhinju, dnevni boravak i kupatilo s tu\u0161 kabinom i svoju terasu sa vlastitim ro\u0161tiljem &#8211; grilom. Svi su apartmani klimatizirani ili grijani sa centralnim grijanjem, imaju potpunu kuhinjsku [&hellip;]\" \/>\n<meta property=\"og:url\" content=\"https:\/\/villapaolija.com\/sl\/cenik-rezervacij\/\" \/>\n<meta property=\"og:site_name\" content=\"Villa Paolija - Apartmani s bazenom\" \/>\n<meta property=\"article:modified_time\" content=\"2025-10-31T09:55:26+00:00\" \/>\n<meta property=\"og:image\" content=\"https:\/\/villapaolija.com\/villapaolija\/wp-content\/uploads\/2025\/10\/Screenshot-2025-10-31-105055-e1761904505105.png\" \/>\n\t<meta property=\"og:image:width\" content=\"998\" \/>\n\t<meta property=\"og:image:height\" content=\"567\" \/>\n\t<meta property=\"og:image:type\" content=\"image\/png\" \/>\n<meta name=\"twitter:card\" content=\"summary_large_image\" \/>\n<meta name=\"twitter:label1\" content=\"Est. reading time\" \/>\n\t<meta name=\"twitter:data1\" content=\"2 minuti\" \/>\n<script type=\"application\/ld+json\" class=\"yoast-schema-graph\">{\"@context\":\"https:\/\/schema.org\",\"@graph\":[{\"@type\":\"WebPage\",\"@id\":\"https:\/\/villapaolija.com\/cjenik-rezervacije\/\",\"url\":\"https:\/\/villapaolija.com\/cjenik-rezervacije\/\",\"name\":\"Cjenik i rezervacije - Villa Paolija - Apartmani s bazenom %\",\"isPartOf\":{\"@id\":\"https:\/\/villapaolija.com\/#website\"},\"primaryImageOfPage\":{\"@id\":\"https:\/\/villapaolija.com\/cjenik-rezervacije\/#primaryimage\"},\"image\":{\"@id\":\"https:\/\/villapaolija.com\/cjenik-rezervacije\/#primaryimage\"},\"thumbnailUrl\":\"https:\/\/villapaolija.com\/villapaolija\/wp-content\/uploads\/2025\/10\/Screenshot-2025-10-31-105055-e1761904505105.png\",\"datePublished\":\"2025-02-18T17:58:05+00:00\",\"dateModified\":\"2025-10-31T09:55:26+00:00\",\"breadcrumb\":{\"@id\":\"https:\/\/villapaolija.com\/cjenik-rezervacije\/#breadcrumb\"},\"inLanguage\":\"sl-SI\",\"potentialAction\":[{\"@type\":\"ReadAction\",\"target\":[\"https:\/\/villapaolija.com\/cjenik-rezervacije\/\"]}]},{\"@type\":\"ImageObject\",\"inLanguage\":\"sl-SI\",\"@id\":\"https:\/\/villapaolija.com\/cjenik-rezervacije\/#primaryimage\",\"url\":\"https:\/\/villapaolija.com\/villapaolija\/wp-content\/uploads\/2025\/10\/Screenshot-2025-10-31-105055-e1761904505105.png\",\"contentUrl\":\"https:\/\/villapaolija.com\/villapaolija\/wp-content\/uploads\/2025\/10\/Screenshot-2025-10-31-105055-e1761904505105.png\"},{\"@type\":\"BreadcrumbList\",\"@id\":\"https:\/\/villapaolija.com\/cjenik-rezervacije\/#breadcrumb\",\"itemListElement\":[{\"@type\":\"ListItem\",\"position\":1,\"name\":\"Home\",\"item\":\"https:\/\/villapaolija.com\/\"},{\"@type\":\"ListItem\",\"position\":2,\"name\":\"Cjenik i rezervacije\"}]},{\"@type\":\"WebSite\",\"@id\":\"https:\/\/villapaolija.com\/#website\",\"url\":\"https:\/\/villapaolija.com\/\",\"name\":\"Villa Paolija - Apartmani s bazenom\",\"description\":\"Idealan odmor za cijelu obitelj u NOVIGRADU\",\"publisher\":{\"@id\":\"https:\/\/villapaolija.com\/#organization\"},\"potentialAction\":[{\"@type\":\"SearchAction\",\"target\":{\"@type\":\"EntryPoint\",\"urlTemplate\":\"https:\/\/villapaolija.com\/?s={search_term_string}\"},\"query-input\":{\"@type\":\"PropertyValueSpecification\",\"valueRequired\":true,\"valueName\":\"search_term_string\"}}],\"inLanguage\":\"sl-SI\"},{\"@type\":\"Organization\",\"@id\":\"https:\/\/villapaolija.com\/#organization\",\"name\":\"Villa Paolija - Apartmani s bazenom\",\"url\":\"https:\/\/villapaolija.com\/\",\"logo\":{\"@type\":\"ImageObject\",\"inLanguage\":\"sl-SI\",\"@id\":\"https:\/\/villapaolija.com\/#\/schema\/logo\/image\/\",\"url\":\"https:\/\/villapaolija.com\/villapaolija\/wp-content\/uploads\/2025\/02\/logo_vp_18.png\",\"contentUrl\":\"https:\/\/villapaolija.com\/villapaolija\/wp-content\/uploads\/2025\/02\/logo_vp_18.png\",\"width\":280,\"height\":85,\"caption\":\"Villa Paolija - Apartmani s bazenom\"},\"image\":{\"@id\":\"https:\/\/villapaolija.com\/#\/schema\/logo\/image\/\"}}]}<\/script>\n<!-- \/ Yoast SEO Premium plugin. -->","yoast_head_json":{"title":"Cenik in rezervacije - Vila Paolija - Apartmaji z bazenom %","robots":{"index":"index","follow":"follow","max-snippet":"max-snippet:-1","max-image-preview":"max-image-preview:large","max-video-preview":"max-video-preview:-1"},"canonical":"https:\/\/villapaolija.com\/sl\/cenik-rezervacij\/","og_locale":"sl_SI","og_type":"article","og_title":"Cjenik i rezervacije","og_description":"Cjenik i rezervacije Na ovoj stranici mo\u017eete pogledati cijene na\u0161ih apartmana i napraviti rezervaciju Apartmani su povr\u0161ine 65m2-110m2, svaki ima poseban ulaz, 2(dvije) ili 3(tri) spava\u0107e sobe, kuhinju, dnevni boravak i kupatilo s tu\u0161 kabinom i svoju terasu sa vlastitim ro\u0161tiljem &#8211; grilom. Svi su apartmani klimatizirani ili grijani sa centralnim grijanjem, imaju potpunu kuhinjsku [&hellip;]","og_url":"https:\/\/villapaolija.com\/sl\/cenik-rezervacij\/","og_site_name":"Villa Paolija - Apartmani s bazenom","article_modified_time":"2025-10-31T09:55:26+00:00","og_image":[{"width":998,"height":567,"url":"https:\/\/villapaolija.com\/villapaolija\/wp-content\/uploads\/2025\/10\/Screenshot-2025-10-31-105055-e1761904505105.png","type":"image\/png"}],"twitter_card":"summary_large_image","twitter_misc":{"Est. reading time":"2 minuti"},"schema":{"@context":"https:\/\/schema.org","@graph":[{"@type":"WebPage","@id":"https:\/\/villapaolija.com\/cjenik-rezervacije\/","url":"https:\/\/villapaolija.com\/cjenik-rezervacije\/","name":"Cenik in rezervacije - Vila Paolija - Apartmaji z bazenom %","isPartOf":{"@id":"https:\/\/villapaolija.com\/#website"},"primaryImageOfPage":{"@id":"https:\/\/villapaolija.com\/cjenik-rezervacije\/#primaryimage"},"image":{"@id":"https:\/\/villapaolija.com\/cjenik-rezervacije\/#primaryimage"},"thumbnailUrl":"https:\/\/villapaolija.com\/villapaolija\/wp-content\/uploads\/2025\/10\/Screenshot-2025-10-31-105055-e1761904505105.png","datePublished":"2025-02-18T17:58:05+00:00","dateModified":"2025-10-31T09:55:26+00:00","breadcrumb":{"@id":"https:\/\/villapaolija.com\/cjenik-rezervacije\/#breadcrumb"},"inLanguage":"sl-SI","potentialAction":[{"@type":"ReadAction","target":["https:\/\/villapaolija.com\/cjenik-rezervacije\/"]}]},{"@type":"ImageObject","inLanguage":"sl-SI","@id":"https:\/\/villapaolija.com\/cjenik-rezervacije\/#primaryimage","url":"https:\/\/villapaolija.com\/villapaolija\/wp-content\/uploads\/2025\/10\/Screenshot-2025-10-31-105055-e1761904505105.png","contentUrl":"https:\/\/villapaolija.com\/villapaolija\/wp-content\/uploads\/2025\/10\/Screenshot-2025-10-31-105055-e1761904505105.png"},{"@type":"BreadcrumbList","@id":"https:\/\/villapaolija.com\/cjenik-rezervacije\/#breadcrumb","itemListElement":[{"@type":"ListItem","position":1,"name":"Home","item":"https:\/\/villapaolija.com\/"},{"@type":"ListItem","position":2,"name":"Cjenik i rezervacije"}]},{"@type":"WebSite","@id":"https:\/\/villapaolija.com\/#website","url":"https:\/\/villapaolija.com\/","name":"Vila Paolija - Apartmaji z bazenom","description":"Idealne po\u010ditnice za vso dru\u017eino v NOVIGRADU","publisher":{"@id":"https:\/\/villapaolija.com\/#organization"},"potentialAction":[{"@type":"SearchAction","target":{"@type":"EntryPoint","urlTemplate":"https:\/\/villapaolija.com\/?s={search_term_string}"},"query-input":{"@type":"PropertyValueSpecification","valueRequired":true,"valueName":"search_term_string"}}],"inLanguage":"sl-SI"},{"@type":"Organization","@id":"https:\/\/villapaolija.com\/#organization","name":"Vila Paolija - Apartmaji z bazenom","url":"https:\/\/villapaolija.com\/","logo":{"@type":"ImageObject","inLanguage":"sl-SI","@id":"https:\/\/villapaolija.com\/#\/schema\/logo\/image\/","url":"https:\/\/villapaolija.com\/villapaolija\/wp-content\/uploads\/2025\/02\/logo_vp_18.png","contentUrl":"https:\/\/villapaolija.com\/villapaolija\/wp-content\/uploads\/2025\/02\/logo_vp_18.png","width":280,"height":85,"caption":"Villa Paolija - Apartmani s bazenom"},"image":{"@id":"https:\/\/villapaolija.com\/#\/schema\/logo\/image\/"}}]}},"_links":{"self":[{"href":"https:\/\/villapaolija.com\/sl\/wp-json\/wp\/v2\/pages\/25","targetHints":{"allow":["GET"]}}],"collection":[{"href":"https:\/\/villapaolija.com\/sl\/wp-json\/wp\/v2\/pages"}],"about":[{"href":"https:\/\/villapaolija.com\/sl\/wp-json\/wp\/v2\/types\/page"}],"author":[{"embeddable":true,"href":"https:\/\/villapaolija.com\/sl\/wp-json\/wp\/v2\/users\/1"}],"replies":[{"embeddable":true,"href":"https:\/\/villapaolija.com\/sl\/wp-json\/wp\/v2\/comments?post=25"}],"version-history":[{"count":27,"href":"https:\/\/villapaolija.com\/sl\/wp-json\/wp\/v2\/pages\/25\/revisions"}],"predecessor-version":[{"id":821,"href":"https:\/\/villapaolija.com\/sl\/wp-json\/wp\/v2\/pages\/25\/revisions\/821"}],"wp:attachment":[{"href":"https:\/\/villapaolija.com\/sl\/wp-json\/wp\/v2\/media?parent=25"}],"curies":[{"name":"delovni list","href":"https:\/\/api.w.org\/{rel}","templated":true}]}}