{"id":3,"date":"2025-02-18T17:47:49","date_gmt":"2025-02-18T17:47:49","guid":{"rendered":"https:\/\/villapaolija.com\/villapaolija\/?page_id=3"},"modified":"2025-04-10T09:15:29","modified_gmt":"2025-04-10T09:15:29","slug":"politika-zasebnosti-piskotkov","status":"publish","type":"page","link":"https:\/\/villapaolija.com\/sl\/politika-zasebnosti-piskotkov\/","title":{"rendered":"Pravilnik o zasebnosti in pi\u0161kotkih"},"content":{"rendered":"<h2 class=\"wp-block-heading\" id=\"h-a-uvod\"><strong>A. Uvod<\/strong><\/h2>\n\n\n\n<ol class=\"wp-block-list\">\n<li>Zasebnost obiskovalcev na\u0161ega spletnega mesta nam je zelo pomembna in jo jemljemo zelo resno. Ta politika pojasnjuje, kaj bomo storili z va\u0161imi osebnimi podatki.<\/li>\n\n\n\n<li>S tem, ko se ob prvem obisku na\u0161ega spletnega mesta strinjate z uporabo pi\u0161kotkov v skladu s pogoji te politike, se ob vsakem obisku na\u0161ega spletnega mesta strinjate z na\u0161o uporabo pi\u0161kotkov.<\/li>\n<\/ol>\n\n\n\n<p><strong>B. Utemeljenost<\/strong><br>Ta dokument je bil ustvarjen z uporabo predloge podjetja SEQ Legal (seqlegal.com) in spremenjen s strani VillaPaolija.com.<\/p>\n\n\n\n<p><strong>C. Zbiranje osebnih podatkov<\/strong><\/p>\n\n\n\n<p>Zbirajo, shranjujejo in uporabljajo se lahko naslednje vrste osebnih podatkov:<\/p>\n\n\n\n<ol class=\"wp-block-list\">\n<li>podatke o va\u0161em ra\u010dunalniku, vklju\u010dno z va\u0161im IP-naslovom, geolokacijo, vrsto in razli\u010dico brskalnika ter operacijskim sistemom;<\/li>\n\n\n\n<li>informacije o va\u0161ih obiskih in uporabi tega spletnega mesta, vklju\u010dno z na\u010dinom dostopa do njega, trajanjem obiska, ogledanimi stranmi in navigacijskimi potmi do spletnega mesta;<\/li>\n\n\n\n<li>podatke, kot je va\u0161 e-po\u0161tni naslov, ki jih vnesete ob registraciji na na\u0161i spletni strani;<\/li>\n\n\n\n<li>podatke, ki jih vnesete, ko ustvarite profil na na\u0161i spletni strani \u2013 na primer va\u0161e ime, profilna slika, spol, rojstni dan, zakonski stan, interesi in hobiji, podatki o izobrazbi in podatki o zaposlitvi;<\/li>\n\n\n\n<li>\u00a0podatke, kot sta va\u0161e ime in e-po\u0161tni naslov, ki jih vnesete za naro\u010dnino na na\u0161a e-po\u0161tna sporo\u010dila in\/ali novice;<\/li>\n\n\n\n<li>\u00a0podatki, ki jih vnesete med uporabo storitev na na\u0161i spletni strani;<\/li>\n\n\n\n<li>podatki, ki nastanejo med va\u0161o uporabo na\u0161ega spletnega mesta, vklju\u010dno s tem, kdaj, kako pogosto in v kak\u0161nih okoli\u0161\u010dinah ga uporabljate;<\/li>\n\n\n\n<li>\u00a0informacije v zvezi z vsem, kar kupite, storitvami, ki jih uporabljate, ali transakcijami, ki jih opravite prek na\u0161ega spletnega mesta, vklju\u010dno z va\u0161im imenom, naslovom, telefonsko \u0161tevilko, e-po\u0161tnim naslovom in podatki o kreditni kartici;<\/li>\n\n\n\n<li>informacije, ki jih objavite na na\u0161i spletni strani z namenom objave na spletu, vklju\u010dno z va\u0161im uporabni\u0161kim imenom, profilnimi slikami in vsebino va\u0161ih objav;<\/li>\n\n\n\n<li>\u00a0podatki, ki jih vsebuje kakr\u0161na koli komunikacija, ki nam jo po\u0161ljete po e-po\u0161ti ali prek na\u0161ega spletnega mesta, vklju\u010dno z vsebino komunikacije in metapodatki;<\/li>\n\n\n\n<li>vse druge osebne podatke, ki nam jih po\u0161ljete.<\/li>\n<\/ol>\n\n\n\n<p>Preden nam razkrijete osebne podatke druge osebe, morate pridobiti soglasje te osebe tako za razkritje kot za obdelavo teh osebnih podatkov v skladu s temi pravilniki.<\/p>\n\n\n\n<p><strong>D. Uporaba va\u0161ih osebnih podatkov<\/strong><\/p>\n\n\n\n<p>Osebni podatki, ki nam jih posredujete prek na\u0161ega spletnega mesta, bodo uporabljeni za namene, dolo\u010dene v tem pravilniku ali na ustreznih straneh spletnega mesta. Va\u0161e osebne podatke lahko uporabimo za naslednje namene:<\/p>\n\n\n\n<ol class=\"wp-block-list\">\n<li>\u00a0upravljanje na\u0161e spletne strani in poslovanja;<\/li>\n\n\n\n<li>prilagoditev na\u0161e spletne strani za vas;<\/li>\n\n\n\n<li>omogo\u010danje va\u0161e uporabe storitev, ki so na voljo na na\u0161i spletni strani;<\/li>\n\n\n\n<li>\u00a0po\u0161iljanje blaga, kupljenega prek na\u0161e spletne strani;<\/li>\n\n\n\n<li>zagotavljanje storitev, kupljenih prek na\u0161ega spletnega mesta;<\/li>\n\n\n\n<li>po\u0161iljanje izpiskov, ra\u010dunov in opomnikov za pla\u010dila ter pobiranje pla\u010dil od vas<\/li>\n\n\n\n<li>po\u0161iljanje nekomercialnih sporo\u010dil;<\/li>\n\n\n\n<li>po\u0161iljanje obvestil po elektronski po\u0161ti, \u010de ste to izrecno zahtevali;<\/li>\n\n\n\n<li>po\u0161iljanje na\u0161ega glasila, \u010de ste ga zahtevali (\u010de glasila ne potrebujete ve\u010d, nas lahko o tem kadar koli obvestite);<\/li>\n\n\n\n<li>\u00a0po\u0161iljanje tr\u017eenjskih sporo\u010dil v zvezi z na\u0161im poslovanjem ali poslovanjem skrbno izbranih tretjih oseb, za katere menimo, da bi vas lahko zanimale, po po\u0161ti ali, \u010de ste se s tem izrecno strinjali, po e-po\u0161ti ali podobni tehnologiji (\u010de tr\u017eenjskih sporo\u010dil ne potrebujete ve\u010d, nas lahko o tem kadar koli obvestite);<\/li>\n\n\n\n<li>posredovanje statisti\u010dnih podatkov o na\u0161ih uporabnikih tretjim osebam (vendar te tretje osebe iz teh podatkov ne bodo mogle prepoznati nobenega posameznega uporabnika);<\/li>\n\n\n\n<li>obravnavanje poizvedb in prito\u017eb, ki jih vlo\u017eite vi ali o vas v zvezi z na\u0161im spletnim mestom;<\/li>\n\n\n\n<li>varnost na\u0161ega spletnega mesta in prepre\u010devanje goljufij;<\/li>\n\n\n\n<li>\u00a0preverjanje skladnosti s pogoji uporabe na\u0161ega spletnega mesta (vklju\u010dno s spremljanjem zasebnih sporo\u010dil, poslanih prek storitve zasebnih sporo\u010dil na\u0161ega spletnega mesta); in<\/li>\n\n\n\n<li>druge aplikacije.<\/li>\n<\/ol>\n\n\n\n<p>\u010ce nam posredujete osebne podatke za objavo na na\u0161i spletni strani, jih bomo objavili in sicer uporabili te podatke v skladu z dovoljenjem, ki ste nam ga dali. Va\u0161e nastavitve zasebnosti lahko uporabite za omejitev objave va\u0161ih podatkov na na\u0161i spletni strani in jih je mogo\u010de prilagoditi z nadzorom zasebnosti na spletni strani. Brez va\u0161ega izrecnega soglasja va\u0161ih osebnih podatkov ne bomo posredovali tretjim osebam za njihove lastne namene ali namene neposrednega tr\u017eenja.<\/p>\n\n\n\n<p><strong>E. Razkritje osebnih podatkov<\/strong><\/p>\n\n\n\n<p>Za razumne namene, dolo\u010dene v tej politiki, lahko va\u0161e osebne podatke razkrijemo kateremu koli od na\u0161ih zaposlenih, uradnikov, zavarovalnic, strokovnih svetovalcev, zastopnikov, dobaviteljev ali proizvajalcev. Za razumne namene, dolo\u010dene v tej politiki, lahko va\u0161e osebne podatke razkrijemo kateremu koli \u010dlanu na\u0161e skupine podjetij (to vklju\u010duje na\u0161e podru\u017enice, na\u0161o kon\u010dno holding dru\u017ebo in katero koli od njenih podru\u017enic). Va\u0161e osebne podatke lahko razkrijemo:<\/p>\n\n\n\n<ol class=\"wp-block-list\">\n<li>v obsegu, v katerem to od nas zahteva zakonodaja;<\/li>\n\n\n\n<li>v povezavi s kakr\u0161nimi koli teko\u010dimi ali prihodnjimi pravnimi postopki;<\/li>\n\n\n\n<li>za uveljavljanje, uveljavljanje ali obrambo na\u0161ih zakonskih pravic (vklju\u010dno z zagotavljanjem informacij drugim za prepre\u010devanje goljufij in zmanj\u0161anje kreditnega tveganja);<\/li>\n\n\n\n<li>kupcu (ali potencialnemu kupcu) katerega koli podjetja ali sredstev, ki jih prodajamo ali nameravamo prodati; in<\/li>\n\n\n\n<li>kateri koli osebi, za katero razumno menimo, da lahko pri sodi\u0161\u010du ali drugem pristojnem organu zaprosi za razkritje teh osebnih podatkov, in kadar bi po na\u0161em razumnem mnenju tako sodi\u0161\u010de ali organ verjetno odredil razkritje teh osebnih podatkov.<\/li>\n<\/ol>\n\n\n\n<p>Razen \u010de ni dolo\u010deno v tej politiki, va\u0161ih osebnih podatkov ne bomo posredovali tretjim osebam.<\/p>\n\n\n\n<p><strong>F. Mednarodni prenosi podatkov<\/strong><\/p>\n\n\n\n<ol class=\"wp-block-list\">\n<li>Podatki, ki jih zbiramo, se lahko shranjujejo, obdelujejo in prena\u0161ajo med dr\u017eavami, v katerih poslujemo, da jih lahko uporabljamo v skladu s temi pravilniki.<\/li>\n\n\n\n<li>Podatki, ki jih zbiramo, se lahko prenesejo v naslednje dr\u017eave, ki nimajo zakonov o varstvu podatkov, enakovrednih tistim, ki veljajo v Evropskem gospodarskem prostoru: Zdru\u017eene dr\u017eave Amerike, Rusija, Japonska, Kitajska in Indija.<\/li>\n\n\n\n<li>Osebni podatki, ki jih objavite na na\u0161i spletni strani ali jih po\u0161ljete v objavo na na\u0161i spletni strani, so lahko prek interneta dostopni po vsem svetu. Ne moremo prepre\u010diti uporabe ali zlorabe teh podatkov s strani drugih.<\/li>\n\n\n\n<li>Izrecno sogla\u0161ate s prenosi osebnih podatkov, opisanimi v tem razdelku F.<\/li>\n<\/ol>\n\n\n\n<p><strong>G. Hramba osebnih podatkov<\/strong><\/p>\n\n\n\n<ol class=\"wp-block-list\">\n<li>V tem razdelku G so dolo\u010dene na\u0161e politike in postopki hrambe podatkov, ki so zasnovani tako, da zagotavljajo skladnost z na\u0161imi zakonskimi obveznostmi glede hrambe in brisanja osebnih podatkov.<\/li>\n\n\n\n<li>Osebni podatki, ki jih obdelujemo za kateri koli namen ali namene, ne bodo hranjeni dlje, kot je potrebno za ta namen ali te namene.<\/li>\n<\/ol>\n\n\n\n<p><strong>H. Varnost va\u0161ih osebnih podatkov<\/strong><\/p>\n\n\n\n<ol class=\"wp-block-list\">\n<li>Sprejeli bomo razumne tehni\u010dne in organizacijske previdnostne ukrepe, da prepre\u010dimo izgubo, zlorabo ali spremembo va\u0161ih osebnih podatkov.<\/li>\n\n\n\n<li>Vse osebne podatke, ki jih posredujete, bomo shranili na na\u0161ih varnih stre\u017enikih (za\u0161\u010ditenih z geslom in po\u017earnim zidom).<\/li>\n\n\n\n<li>Vse elektronske finan\u010dne transakcije, vnesene prek na\u0161ega spletnega mesta, bodo za\u0161\u010ditene s tehnologijo \u0161ifriranja.<\/li>\n\n\n\n<li>Potrjujete, da je prenos informacij prek interneta sam po sebi nevaren in da ne moremo zagotoviti varnosti podatkov, poslanih prek interneta.<\/li>\n\n\n\n<li>Odgovorni ste za varovanje zaupnosti gesla, ki ga uporabljate za dostop do na\u0161ega spletnega mesta; gesla vam ne bomo zahtevali (razen ko se prijavite na na\u0161e spletno mesto).<\/li>\n<\/ol>\n\n\n\n<p><strong>I. Spremembe in dopolnitve<\/strong><\/p>\n\n\n\n<p>To politiko lahko ob\u010dasno posodobimo z objavo nove razli\u010dice na na\u0161i spletni strani.<br>To stran morate redno preverjati, da se prepri\u010date, da razumete morebitne spremembe te politike. O spremembah te politike vas lahko obvestimo po e-po\u0161ti ali prek sistema zasebnih sporo\u010dil na na\u0161i spletni strani.<\/p>\n\n\n\n<p><strong>J. Va\u0161e pravice<\/strong><\/p>\n\n\n\n<p>Lahko nam naro\u010dite, da vam posredujemo vse osebne podatke, ki jih hranimo o vas.<\/p>\n\n\n\n<p>Osebne podatke, ki jih zahtevate, lahko hranimo v obsegu, ki ga dovoljuje zakonodaja. Kadar koli nam lahko naro\u010dite, naj va\u0161ih osebnih podatkov ne obdelujemo za namene tr\u017eenja. V praksi boste bodisi vnaprej izrecno sogla\u0161ali z na\u0161o uporabo va\u0161ih osebnih podatkov za namene tr\u017eenja bodisi vam bomo ponudili mo\u017enost, da zavrnete na\u0161o uporabo va\u0161ih osebnih podatkov za namene tr\u017eenja.<\/p>\n\n\n\n<p><strong>K. Spletna mesta tretjih oseb<\/strong><\/p>\n\n\n\n<p>Na\u0161e spletno mesto vsebuje hiperpovezave do spletnih mest tretjih oseb in podrobnosti o njih. Nimamo nadzora nad politikami zasebnosti in praksami tretjih oseb in nismo odgovorni zanje.<\/p>\n\n\n\n<p><strong>L. Posodabljanje podatkov<\/strong><\/p>\n\n\n\n<p>Sporo\u010dite nam, \u010de je treba popraviti ali posodobiti osebne podatke, ki jih imamo o vas.<\/p>\n\n\n\n<p><strong>M. Pi\u0161kotki<\/strong><\/p>\n\n\n\n<p>Na\u0161e spletno mesto uporablja pi\u0161kotke. Pi\u0161kotek je datoteka, ki vsebuje identifikator (niz \u010drk in \u0161tevilk), ki ga spletni stre\u017enik po\u0161lje spletnemu brskalniku in shrani v brskalniku. Identifikator se nato vrne stre\u017eniku vsaki\u010d, ko brskalnik od stre\u017enika zahteva stran. Pi\u0161kotki so lahko \u00bbtrajni\u00ab pi\u0161kotki ali \u00bbsejni\u00ab pi\u0161kotki: trajni pi\u0161kotek bo shranjen v spletnem brskalniku in bo ostal veljaven do dolo\u010denega datuma poteka, razen \u010de ga uporabnik pred iztekom roka ne izbri\u0161e; Po drugi strani pa sejni pi\u0161kotek pote\u010de ob koncu uporabni\u0161ke seje, ko je spletni brskalnik zaprt. Pi\u0161kotki obi\u010dajno ne vsebujejo informacij, ki bi osebno identificirale uporabnika, vendar so lahko osebni podatki, ki jih shranjujemo o vas, povezani s podatki, ki jih pi\u0161kotek shrani in pridobi. Na na\u0161em spletnem mestu uporabljamo sejne in trajne pi\u0161kotke.<\/p>\n\n\n\n<ol class=\"wp-block-list\">\n<li>Imena pi\u0161kotkov, ki jih uporabljamo na na\u0161i spletni strani, in nameni, za katere se uporabljajo, so navedeni spodaj:\n<ol class=\"wp-block-list\">\n<li>Na na\u0161i spletni strani uporabljamo Google Analytics in Adwords za prepoznavanje ra\u010dunalnika, ko uporabnik obi\u0161\u010de spletno stran \/ sledenje uporabnikom med premikanjem po spletni strani \/ omogo\u010danje uporabe nakupovalne ko\u0161arice na spletni strani \/ izbolj\u0161anje uporabnosti spletne strani \/ analiza uporabe spletne strani \/ upravljanje spletne strani \/ prepre\u010devanje goljufij in izbolj\u0161anje varnosti spletne strani \/ prilagajanje spletne strani za vsakega uporabnika \/ ciljno usmerjeni oglasi, ki bi lahko bili \u0161e posebej zanimivi za dolo\u010dene uporabnike \/ opisani namen (e)};<\/li>\n<\/ol>\n<\/li>\n\n\n\n<li>Ve\u010dina brskalnikov vam omogo\u010da, da zavrnete sprejemanje pi\u0161kotkov \u2013 na primer:\n<ol class=\"wp-block-list\">\n<li>V brskalniku Internet Explorer (razli\u010dica 10) lahko pi\u0161kotke blokirate z nastavitvami za preglasitev upravljanja pi\u0161kotkov, ki so na voljo tako, da kliknete \u00bbOrodja\u00ab, \u00bbInternetne mo\u017enosti\u00ab, \u00bbZasebnost\u00ab in nato \u00bbNapredno\u00ab;<\/li>\n\n\n\n<li>in v Firefoxu (razli\u010dica 24) lahko vse pi\u0161kotke blokirate tako, da kliknete \u00bbOrodja\u00ab, \u00bbMo\u017enosti\u00ab, \u00bbZasebnost\u00ab, v spustnem meniju izberete \u00bbUporabi nastavitve po meri za zgodovino\u00ab in odzna\u010dite mo\u017enost \u00bbSprejmi pi\u0161kotke s spletnih mest\u00ab; in<\/li>\n\n\n\n<li>V Chromu (razli\u010dica 29) lahko vse pi\u0161kotke blokirate tako, da odprete meni \u00bbPrilagodi in nadzor\u00ab in kliknete \u00bbNastavitve\u00ab, \u00bbPrika\u017ei napredne nastavitve\u00ab in \u00bbNastavitve vsebine\u00ab, nato pa v razdelku \u00bbPi\u0161kotki\u00ab izberete \u00bbBlokiraj spletna mesta, da ne nastavijo nobenih podatkov\u00ab.<\/li>\n<\/ol>\n<\/li>\n<\/ol>\n\n\n\n<p>Blokiranje vseh pi\u0161kotkov bo negativno vplivalo na uporabnost mnogih spletnih mest. \u010ce blokirate pi\u0161kotke, ne boste mogli uporabljati vseh funkcij na\u0161ega spletnega mesta.<\/p>\n\n\n\n<ol start=\"3\" class=\"wp-block-list\">\n<li>Pi\u0161kotke, ki so \u017ee shranjeni v va\u0161em ra\u010dunalniku, lahko izbri\u0161ete \u2013 na primer:\n<ol class=\"wp-block-list\">\n<li>V brskalniku Internet Explorer (razli\u010dica 10) morate ro\u010dno izbrisati pi\u0161kotke (navodila najdete na<a href=\"http:\/\/support.microsoft.com\/kb\/278835\">\u00a0http:\/\/support.microsoft.com\/kb\/278835<\/a>\u00a0);<\/li>\n\n\n\n<li>V Firefoxu (razli\u010dica 24) lahko pi\u0161kotke izbri\u0161ete tako, da kliknete \u00bbOrodja\u00ab, \u00bbMo\u017enosti\u00ab in \u00bbZasebnost\u00ab, nato izberete \u00bbUporabi nastavitve po meri za zgodovino\u00ab, kliknete \u00bbPrika\u017ei pi\u0161kotke\u00ab in nato \u00bbOdstrani vse pi\u0161kotke\u00ab; in<\/li>\n\n\n\n<li>V Chromu (razli\u010dica 29) lahko vse pi\u0161kotke izbri\u0161ete tako, da odprete meni \u00bbPrilagodi in nadzor\u00ab in kliknete \u00bbNastavitve\u00ab, \u00bbNapredno\u00ab in \u00bbPo\u010disti podatke brskanja\u00ab, nato pa izberete \u00bbIzbri\u0161i pi\u0161kotke in druga spletna mesta ter dodatke\u00ab, preden kliknete \u00bbPo\u010disti podatke brskanja\u00ab.<\/li>\n<\/ol>\n<\/li>\n\n\n\n<li>Brisanje pi\u0161kotkov bo negativno vplivalo na uporabnost mnogih spletnih mest.<\/li>\n<\/ol>\n\n\n\n<p>Za vsa vpra\u0161anja in brisanje podatkov nas kontaktirajte na\u00a0<a href=\"https:\/\/villapaolija.com\/sl\/villapaolija\/stik\/\">KONTAKT<\/a>\u00a0stran.<\/p>","protected":false},"excerpt":{"rendered":"<p>A. Uvod B. ZaslugeOvaj je dokument stvoren pomo\u0107u predlo\u0161ka od SEQ Legal (seqlegal.com) i modificiran od VillaPaolija.com C. Prikupljanje osobnih podataka Sljede\u0107e vrste osobnih podataka mogu se prikupljati, pohranjivati i koristiti: Prije nego \u0161to nam otkrijete osobne podatke druge osobe, morate dobiti pristanak te osobe kako za otkrivanje, tako i za obradu tih osobnih podataka [&hellip;]<\/p>\n","protected":false},"author":1,"featured_media":0,"parent":0,"menu_order":0,"comment_status":"closed","ping_status":"open","template":"","meta":{"_breakdance_hide_in_design_set":false,"_breakdance_tags":"","footnotes":""},"class_list":["post-3","page","type-page","status-publish","hentry"],"yoast_head":"<!-- This site is optimized with the Yoast SEO Premium plugin v24.8 (Yoast SEO v27.2) - https:\/\/yoast.com\/product\/yoast-seo-premium-wordpress\/ -->\n<title>Politika privatnosti i kola\u010di\u0107a - Villa Paolija - Apartmani s bazenom<\/title>\n<meta name=\"robots\" content=\"index, follow, max-snippet:-1, max-image-preview:large, max-video-preview:-1\" \/>\n<link rel=\"canonical\" href=\"https:\/\/villapaolija.com\/sl\/politika-zasebnosti-piskotkov\/\" \/>\n<meta property=\"og:locale\" content=\"sl_SI\" \/>\n<meta property=\"og:type\" content=\"article\" \/>\n<meta property=\"og:title\" content=\"Politika privatnosti i kola\u010di\u0107a\" \/>\n<meta property=\"og:description\" content=\"A. Uvod B. ZaslugeOvaj je dokument stvoren pomo\u0107u predlo\u0161ka od SEQ Legal (seqlegal.com) i modificiran od VillaPaolija.com C. Prikupljanje osobnih podataka Sljede\u0107e vrste osobnih podataka mogu se prikupljati, pohranjivati i koristiti: Prije nego \u0161to nam otkrijete osobne podatke druge osobe, morate dobiti pristanak te osobe kako za otkrivanje, tako i za obradu tih osobnih podataka [&hellip;]\" \/>\n<meta property=\"og:url\" content=\"https:\/\/villapaolija.com\/sl\/politika-zasebnosti-piskotkov\/\" \/>\n<meta property=\"og:site_name\" content=\"Villa Paolija - Apartmani s bazenom\" \/>\n<meta property=\"article:modified_time\" content=\"2025-04-10T09:15:29+00:00\" \/>\n<meta name=\"twitter:card\" content=\"summary_large_image\" \/>\n<meta name=\"twitter:label1\" content=\"Est. reading time\" \/>\n\t<meta name=\"twitter:data1\" content=\"3 minute\" \/>\n<script type=\"application\/ld+json\" class=\"yoast-schema-graph\">{\"@context\":\"https:\/\/schema.org\",\"@graph\":[{\"@type\":\"WebPage\",\"@id\":\"https:\/\/villapaolija.com\/politika-privatnosti-kolacica\/\",\"url\":\"https:\/\/villapaolija.com\/politika-privatnosti-kolacica\/\",\"name\":\"Politika privatnosti i kola\u010di\u0107a - Villa Paolija - Apartmani s bazenom\",\"isPartOf\":{\"@id\":\"https:\/\/villapaolija.com\/#website\"},\"datePublished\":\"2025-02-18T17:47:49+00:00\",\"dateModified\":\"2025-04-10T09:15:29+00:00\",\"breadcrumb\":{\"@id\":\"https:\/\/villapaolija.com\/politika-privatnosti-kolacica\/#breadcrumb\"},\"inLanguage\":\"sl-SI\",\"potentialAction\":[{\"@type\":\"ReadAction\",\"target\":[\"https:\/\/villapaolija.com\/politika-privatnosti-kolacica\/\"]}]},{\"@type\":\"BreadcrumbList\",\"@id\":\"https:\/\/villapaolija.com\/politika-privatnosti-kolacica\/#breadcrumb\",\"itemListElement\":[{\"@type\":\"ListItem\",\"position\":1,\"name\":\"Home\",\"item\":\"https:\/\/villapaolija.com\/\"},{\"@type\":\"ListItem\",\"position\":2,\"name\":\"Politika privatnosti i kola\u010di\u0107a\"}]},{\"@type\":\"WebSite\",\"@id\":\"https:\/\/villapaolija.com\/#website\",\"url\":\"https:\/\/villapaolija.com\/\",\"name\":\"Villa Paolija - Apartmani s bazenom\",\"description\":\"Idealan odmor za cijelu obitelj u NOVIGRADU\",\"publisher\":{\"@id\":\"https:\/\/villapaolija.com\/#organization\"},\"potentialAction\":[{\"@type\":\"SearchAction\",\"target\":{\"@type\":\"EntryPoint\",\"urlTemplate\":\"https:\/\/villapaolija.com\/?s={search_term_string}\"},\"query-input\":{\"@type\":\"PropertyValueSpecification\",\"valueRequired\":true,\"valueName\":\"search_term_string\"}}],\"inLanguage\":\"sl-SI\"},{\"@type\":\"Organization\",\"@id\":\"https:\/\/villapaolija.com\/#organization\",\"name\":\"Villa Paolija - Apartmani s bazenom\",\"url\":\"https:\/\/villapaolija.com\/\",\"logo\":{\"@type\":\"ImageObject\",\"inLanguage\":\"sl-SI\",\"@id\":\"https:\/\/villapaolija.com\/#\/schema\/logo\/image\/\",\"url\":\"https:\/\/villapaolija.com\/villapaolija\/wp-content\/uploads\/2025\/02\/logo_vp_18.png\",\"contentUrl\":\"https:\/\/villapaolija.com\/villapaolija\/wp-content\/uploads\/2025\/02\/logo_vp_18.png\",\"width\":280,\"height\":85,\"caption\":\"Villa Paolija - Apartmani s bazenom\"},\"image\":{\"@id\":\"https:\/\/villapaolija.com\/#\/schema\/logo\/image\/\"}}]}<\/script>\n<!-- \/ Yoast SEO Premium plugin. -->","yoast_head_json":{"title":"Pravilnik o zasebnosti in pi\u0161kotkih - Vila Paolija - Apartmaji z bazenom","robots":{"index":"index","follow":"follow","max-snippet":"max-snippet:-1","max-image-preview":"max-image-preview:large","max-video-preview":"max-video-preview:-1"},"canonical":"https:\/\/villapaolija.com\/sl\/politika-zasebnosti-piskotkov\/","og_locale":"sl_SI","og_type":"article","og_title":"Politika privatnosti i kola\u010di\u0107a","og_description":"A. Uvod B. ZaslugeOvaj je dokument stvoren pomo\u0107u predlo\u0161ka od SEQ Legal (seqlegal.com) i modificiran od VillaPaolija.com C. Prikupljanje osobnih podataka Sljede\u0107e vrste osobnih podataka mogu se prikupljati, pohranjivati i koristiti: Prije nego \u0161to nam otkrijete osobne podatke druge osobe, morate dobiti pristanak te osobe kako za otkrivanje, tako i za obradu tih osobnih podataka [&hellip;]","og_url":"https:\/\/villapaolija.com\/sl\/politika-zasebnosti-piskotkov\/","og_site_name":"Villa Paolija - Apartmani s bazenom","article_modified_time":"2025-04-10T09:15:29+00:00","twitter_card":"summary_large_image","twitter_misc":{"Est. reading time":"3 minute"},"schema":{"@context":"https:\/\/schema.org","@graph":[{"@type":"WebPage","@id":"https:\/\/villapaolija.com\/politika-privatnosti-kolacica\/","url":"https:\/\/villapaolija.com\/politika-privatnosti-kolacica\/","name":"Pravilnik o zasebnosti in pi\u0161kotkih - Vila Paolija - Apartmaji z bazenom","isPartOf":{"@id":"https:\/\/villapaolija.com\/#website"},"datePublished":"2025-02-18T17:47:49+00:00","dateModified":"2025-04-10T09:15:29+00:00","breadcrumb":{"@id":"https:\/\/villapaolija.com\/politika-privatnosti-kolacica\/#breadcrumb"},"inLanguage":"sl-SI","potentialAction":[{"@type":"ReadAction","target":["https:\/\/villapaolija.com\/politika-privatnosti-kolacica\/"]}]},{"@type":"BreadcrumbList","@id":"https:\/\/villapaolija.com\/politika-privatnosti-kolacica\/#breadcrumb","itemListElement":[{"@type":"ListItem","position":1,"name":"Home","item":"https:\/\/villapaolija.com\/"},{"@type":"ListItem","position":2,"name":"Politika privatnosti i kola\u010di\u0107a"}]},{"@type":"WebSite","@id":"https:\/\/villapaolija.com\/#website","url":"https:\/\/villapaolija.com\/","name":"Vila Paolija - Apartmaji z bazenom","description":"Idealne po\u010ditnice za vso dru\u017eino v NOVIGRADU","publisher":{"@id":"https:\/\/villapaolija.com\/#organization"},"potentialAction":[{"@type":"SearchAction","target":{"@type":"EntryPoint","urlTemplate":"https:\/\/villapaolija.com\/?s={search_term_string}"},"query-input":{"@type":"PropertyValueSpecification","valueRequired":true,"valueName":"search_term_string"}}],"inLanguage":"sl-SI"},{"@type":"Organization","@id":"https:\/\/villapaolija.com\/#organization","name":"Vila Paolija - Apartmaji z bazenom","url":"https:\/\/villapaolija.com\/","logo":{"@type":"ImageObject","inLanguage":"sl-SI","@id":"https:\/\/villapaolija.com\/#\/schema\/logo\/image\/","url":"https:\/\/villapaolija.com\/villapaolija\/wp-content\/uploads\/2025\/02\/logo_vp_18.png","contentUrl":"https:\/\/villapaolija.com\/villapaolija\/wp-content\/uploads\/2025\/02\/logo_vp_18.png","width":280,"height":85,"caption":"Villa Paolija - Apartmani s bazenom"},"image":{"@id":"https:\/\/villapaolija.com\/#\/schema\/logo\/image\/"}}]}},"_links":{"self":[{"href":"https:\/\/villapaolija.com\/sl\/wp-json\/wp\/v2\/pages\/3","targetHints":{"allow":["GET"]}}],"collection":[{"href":"https:\/\/villapaolija.com\/sl\/wp-json\/wp\/v2\/pages"}],"about":[{"href":"https:\/\/villapaolija.com\/sl\/wp-json\/wp\/v2\/types\/page"}],"author":[{"embeddable":true,"href":"https:\/\/villapaolija.com\/sl\/wp-json\/wp\/v2\/users\/1"}],"replies":[{"embeddable":true,"href":"https:\/\/villapaolija.com\/sl\/wp-json\/wp\/v2\/comments?post=3"}],"version-history":[{"count":1,"href":"https:\/\/villapaolija.com\/sl\/wp-json\/wp\/v2\/pages\/3\/revisions"}],"predecessor-version":[{"id":477,"href":"https:\/\/villapaolija.com\/sl\/wp-json\/wp\/v2\/pages\/3\/revisions\/477"}],"wp:attachment":[{"href":"https:\/\/villapaolija.com\/sl\/wp-json\/wp\/v2\/media?parent=3"}],"curies":[{"name":"delovni list","href":"https:\/\/api.w.org\/{rel}","templated":true}]}}